{"id":2664,"date":"2023-07-31T22:58:46","date_gmt":"2023-07-31T22:58:46","guid":{"rendered":"https:\/\/zuszdounky.cz\/?page_id=2664"},"modified":"2026-01-17T20:46:41","modified_gmt":"2026-01-17T20:46:41","slug":"uredni-deska-dokumenty-skoly","status":"publish","type":"page","link":"https:\/\/zuszdounky.cz\/en\/uredni-deska-dokumenty-skoly\/","title":{"rendered":"\u00da\u0159edn\u00ed deska, dokumenty \u0161koly"},"content":{"rendered":"<section class=\"wpb-content-wrapper\"><div class=\"vc_row wpb_row vc_row-fluid vc_custom_1690847587327\"><div class=\"wpb_column vc_column_container vc_col-sm-12 sc_layouts_column_icons_position_left\"><div class=\"vc_column-inner\"><div class=\"wpb_wrapper\">\n\t<div class=\"wpb_text_column wpb_content_element\" >\n\t\t<div class=\"wpb_wrapper\">\n\t\t\t<h2>\u00da\u0159edn\u00ed deska, dokumenty \u0161koly<\/h2>\n<p style=\"margin: 0cm; text-align: justify; vertical-align: baseline;\"><span style=\"font-size: 14.0pt; color: black;\">Povinn\u011b zve\u0159ej\u0148ovan\u00e9 informace vypl\u00fdvaj\u00ed ze z\u00e1kona \u010d. 106\/1999 Sb., o svobodn\u00e9m p\u0159\u00edstupu k informac\u00edm, strukturovan\u00e9 podle vyhl\u00e1\u0161ky \u010d. 442\/2006 Sb., kterou se stanov\u00ed struktura informac\u00ed zve\u0159ej\u0148ovan\u00fdch o povinn\u00e9m subjektu:<\/span><\/p>\n\n\t\t<\/div>\n\t<\/div>\n<div class=\"vc_empty_space  sc_height_medium\"   style=\"height: 20px\"><span class=\"vc_empty_space_inner\"><\/span><\/div>\n\t<div class=\"wpb_text_column wpb_content_element\" >\n\t\t<div class=\"wpb_wrapper\">\n\t\t\t<p><strong>1. N\u00e1zev: <\/strong>Z\u00e1kladn\u00ed um\u011bleck\u00e1 \u0161kola Zdounky<\/p>\n<p><strong>2. Adresa: <\/strong>N\u00e1m\u011bst\u00ed 23, 768 02 Zdounky<\/p>\n<p><strong>3. D\u016fvod a zp\u016fsob zalo\u017een\u00ed:<\/strong><\/p>\n<p>Z\u0159izovatel Zl\u00ednsk\u00fd kraj, t\u0159\u00edda Tom\u00e1\u0161e Bati 21, 761 90 Zl\u00edn [<strong>\u00a0<\/strong><a href=\"https:\/\/zlinskykraj.cz\/\" target=\"_blank\" rel=\"noopener\">www.krzlinsky.cz<\/a>\u00a0] na z\u00e1klad\u011b rozhodnut\u00ed M\u0160MT \u010d.j. 31162001 \u0160K vyd\u00e1v\u00e1 z\u0159izovac\u00ed listinu pro p\u0159\u00edsp\u011bvkovou organizaci Z\u00e1kladn\u00ed um\u011bleck\u00e1 \u0161kola Zdounky, se s\u00eddlem N\u00e1m\u011bst\u00ed 23, 767 01 Zdounky, I\u010cO 63414945, s\u00a0\u00fa\u010dinnost\u00ed od 1. 10. 2001.<\/p>\n<p>Hlavn\u00edm \u00fa\u010delem z\u0159\u00edzen\u00ed je poskytov\u00e1n\u00ed v\u00fdchovy a vzd\u011bl\u00e1v\u00e1n\u00ed v hudebn\u00edm a v\u00fdtvarn\u00e9m oboru. P\u0159edm\u011bt \u010dinnosti \u0161koly je vymezen \u00a7 109 z\u00e1kona \u010d. 561\/2004 Sb., o p\u0159ed\u0161koln\u00edm, z\u00e1kladn\u00edm, st\u0159edn\u00edm, vy\u0161\u0161\u00edm odborn\u00e9m a jin\u00e9m vzd\u011bl\u00e1v\u00e1n\u00ed (\u0161kolsk\u00fd z\u00e1kon), v platn\u00e9m zn\u011bn\u00ed a prov\u00e1d\u011bc\u00edmi p\u0159edpisy.<\/p>\n<p><strong>4. Organiza\u010dn\u00ed struktura:<\/strong><\/p>\n<p>IZO 110 004 833<br \/>\nVnit\u0159n\u00ed organizace \u0161koly je d\u00e1na vnit\u0159n\u00edm p\u0159edpisem Organiza\u010dn\u00ed \u0159\u00e1d Z\u00e1kladn\u00ed um\u011bleck\u00e9 \u0161koly Zdounky<\/p>\n<p><strong>5. <\/strong><strong>Kontaktn\u00ed spojen\u00ed:<\/strong><\/p>\n<p><em>\u00a0 \u00a0 \u00a05.1 Kontaktn\u00ed po\u0161tovn\u00ed adresa:<\/em>\u00a0<strong>N\u00e1m\u011bst\u00ed 23, 768 02 Zdounky<\/strong><strong>\u00a0<\/strong><br \/>\n<em>\u00a0 \u00a0 \u00a05.2 \u00da\u0159edn\u00ed hodiny:<\/em>\u00a0<strong>pond\u011bl\u00ed a st\u0159eda 13:00 \u2013 15:00<\/strong><br \/>\n<em>\u00a0 \u00a0 \u00a05.3 Telefonn\u00ed \u010d\u00edsla:<\/em>\u00a0<a href=\"tel:+420573365282\">573\u00a0365\u00a0282<\/a>, <a href=\"tel:+420731656916\">731 656 916<\/a><br \/>\n<em>\u00a0 \u00a0 \u00a05.4 Adresa internetov\u00e9 str\u00e1nky:<\/em>\u00a0<a href=\"https:\/\/zuszdounky.cz\/en\/\" target=\"_blank\" rel=\"noopener\">www.zuszdounky.cz<\/a><br \/>\n<em>\u00a0 \u00a0 \u00a05.5 Elektronick\u00e1 adresa: <a href=\"mailto:zuszdounky@zuszdounky.cz\">zuszdounky@zuszdounky.cz<\/a><br \/>\n<\/em><\/p>\n<p><strong>6. P\u0159\u00edpadn\u00e9 platby lze pouk\u00e1zat: <\/strong>KB, pobo\u010dka Krom\u011b\u0159\u00ed\u017e, \u010d. \u00fa. <strong>8326490237\/0100\u00a0<\/strong><em><br \/>\n<\/em><\/p>\n<p><strong>7. <\/strong><strong>I\u010c: <\/strong>63414945<\/p>\n<p><strong>8. DI\u010c: <\/strong>\u0161kola nen\u00ed pl\u00e1tce DPH<\/p>\n<p><strong>9. <\/strong><strong>Dokumenty:<\/strong><\/p>\n<p><em>\u00a0 \u00a0 \u00a09.1 V \u0159editeln\u011b \u0161koly jsou k dispozici v ti\u0161t\u011bn\u00e9 i elektronick\u00e9 podob\u011b hlavn\u00ed dokumenty \u0161koly:<\/em><\/p>\n<p><a href=\"https:\/\/zuszdounky.cz\/wp-content\/uploads\/2023\/08\/SVP_ZUS_Zdounky5_2023.pdf\" target=\"_blank\" rel=\"noopener\">&#8211; \u0160koln\u00ed vzd\u011bl\u00e1vac\u00ed program \u201eSpole\u010dn\u011b se ZU\u0160lecht\u00edme\u201c<\/a><br \/>\n&#8211; Organiza\u010dn\u00ed \u0159\u00e1d<br \/>\n&#8211; Vnit\u0159n\u00ed p\u0159edpisy \u0161koly (sm\u011brnice, prov\u00e1d\u011bc\u00ed p\u0159edpisy, rozhodnut\u00ed \u0159editele \u0161koly).<br \/>\n&#8211; <a href=\"https:\/\/zuszdounky.cz\/wp-content\/uploads\/2023\/08\/skolni_rad__zuszdounky2017.pdf\" target=\"_blank\" rel=\"noopener\">\u0160koln\u00ed \u0159\u00e1d ZU\u0160 Zdounky<\/a><br \/>\n&#8211; <a href=\"https:\/\/zuszdounky.cz\/wp-content\/uploads\/2025\/10\/VZ_ZUS_Zdounky2425.pdf\" target=\"_blank\" rel=\"noopener\">V\u00fdro\u010dn\u00ed zpr\u00e1va ZU\u0160 Zdounky 2024\/2025<\/a><br \/>\n&#8211; <a href=\"https:\/\/zuszdounky.cz\/wp-content\/uploads\/2024\/09\/VZ_ZUS_Zdounky2324_final.pdf\" target=\"_blank\" rel=\"noopener\">V\u00fdro\u010dn\u00ed zpr\u00e1va ZU\u0160 Zdounky 2023\/2024<\/a><br \/>\n&#8211; <a href=\"https:\/\/zuszdounky.cz\/wp-content\/uploads\/2023\/08\/Insp_zprava04-06_2023_zuszdounky.pdf\" target=\"_blank\" rel=\"noopener\">Inspek\u010dn\u00ed zpr\u00e1va ZU\u0160 Zdounky 2023<\/a><\/p>\n<p>Dokumenty jsou dostupn\u00e9 na vy\u017e\u00e1d\u00e1n\u00ed n\u00ed\u017ee uveden\u00fdm zp\u016fsobem.<\/p>\n<p><em>\u00a0 \u00a0 \u00a0<\/em><em>9.2 Rozpo\u010det:\u00a0<\/em><\/p>\n<p>\u00dadaje o rozpo\u010dtu v aktu\u00e1ln\u00edm a uplynul\u00e9m roce, schv\u00e1len\u00fd rozpo\u010det s \u00fapravami.<\/p>\n<p>&#8211; <a href=\"https:\/\/zuszdounky.cz\/wp-content\/uploads\/2026\/01\/Rozpocet-na-rok-2026-a-strednedoby-vyhled-rozpoctu-na-roky-2027-a-2028-prispevkove-organizace-zrizene-Zlinskym-krajem.pdf\" target=\"_blank\" rel=\"noopener\">Rozpo\u010det na rok 2026 a st\u0159edn\u011bdob\u00fd v\u00fdhled rozpo\u010dtu na roky 2027 a 2028 p\u0159\u00edsp\u011bvkov\u00e9 organizace z\u0159\u00edzen\u00e9 Zl\u00ednsk\u00fdm krajem<\/a><br \/>\n&#8211; <a href=\"https:\/\/zuszdounky.cz\/wp-content\/uploads\/2026\/01\/Upraveny-rozpocet-na-rok-2025-prispevkove-organizace-zrizene-Zlinskym-krajem.pdf\" target=\"_blank\" rel=\"noopener\">Upraven\u00fd rozpo\u010det na rok 2025 p\u0159\u00edsp\u011bvkov\u00e9 organizace z\u0159\u00edzen\u00e9 Zl\u00ednsk\u00fdm krajem<\/a><br \/>\n&#8211; <a href=\"https:\/\/zuszdounky.cz\/wp-content\/uploads\/2025\/11\/Navrh-rozpoctu-na-rok-2026-a-navrh-strednedobeho-vyhledu-rozpoctu-na-roky-2027-a-2028.pdf\">N\u00e1vrh rozpo\u010dtu na rok 2026 a n\u00e1vrh st\u0159edn\u011bdob\u00e9ho v\u00fdhledu rozpo\u010dtu na roky 2027 a 2028<\/a><br \/>\n&#8211; <a href=\"https:\/\/zuszdounky.cz\/wp-content\/uploads\/2024\/12\/Upraveny-rozpocet-na-rok-2024-prispevkove-organizace-zrizene-Zlinskym-krajem.pdf\">Upraven\u00fd rozpo\u010det na rok 2024 p\u0159\u00edsp\u011bvkov\u00e9 organizace z\u0159\u00edzen\u00e9 Zl\u00ednsk\u00fdm krajem<\/a><br \/>\n&#8211; <a href=\"https:\/\/zuszdounky.cz\/wp-content\/uploads\/2024\/12\/Rozpocet-na-rok-2025-a-strednedoby-vyhled-rozpoctu-na-roky-2026-a-2027-prispevkove-organizace-zrizene-Zlinskym-krajem.pdf\">Rozpo\u010det na rok 2025 a st\u0159edn\u011bdob\u00fd v\u00fdhled rozpo\u010dtu na roky 2026 a 2027 p\u0159\u00edsp\u011bvkov\u00e9 organizace z\u0159\u00edzen\u00e9 Zl\u00ednsk\u00fdm krajem<\/a><br \/>\n&#8211; <a href=\"https:\/\/zuszdounky.cz\/wp-content\/uploads\/2024\/11\/Navrh-rozpoctu-na-rok-2025-a-navrh-strednedobeho-vyhledu-rozpoctu-na-roky-2026-a-2027.pdf\">N\u00e1vrh rozpo\u010dtu na rok 2025 a n\u00e1vrh st\u0159edn\u011bdob\u00e9ho v\u00fdhledu rozpo\u010dtu na roky 2026 a 2027<\/a><br \/>\n&#8211; <a href=\"https:\/\/zuszdounky.cz\/wp-content\/uploads\/2024\/01\/Rozpocet-na-rok-2024-a-strednedoby-vyhled-rozpoctu-na-roky-2025-a-2026-prispevkove-organizace-zrizene-Zlinskym-krajem.pdf\">Rozpo\u010det na rok 2024 a st\u0159edn\u011bdob\u00fd v\u00fdhled rozpo\u010dtu na roky 2025 a 2026 p\u0159\u00edsp\u011bvkov\u00e9 organizace z\u0159\u00edzen\u00e9 Zl\u00ednsk\u00fdm krajem<\/a><br \/>\n&#8211; <a href=\"https:\/\/zuszdounky.cz\/wp-content\/uploads\/2024\/01\/Upraveny-rozpocet-na-rok-2023-prispevkove-organizace-zrizene-Zlinskym-krajem.pdf\">Upraven\u00fd rozpo\u010det na rok 2023 p\u0159\u00edsp\u011bvkov\u00e9 organizace z\u0159\u00edzen\u00e9 Zl\u00ednsk\u00fdm krajem<\/a><\/p>\n<p><strong>10. \u017d\u00e1dosti o informace<\/strong><\/p>\n<p>U ka\u017ed\u00e9 \u017e\u00e1dosti ve smyslu z\u00e1kona \u010d. 106\/1999Sb., o svobodn\u00e9m p\u0159\u00edstupu k informac\u00edm, mus\u00ed b\u00fdt jednozna\u010dn\u011b z\u0159ejm\u00e9, \u017ee se \u017eadatel dom\u00e1h\u00e1 poskytnut\u00ed informace ve smyslu tohoto z\u00e1kona. Informace poskytovan\u00e1 na z\u00e1klad\u011b \u017e\u00e1dosti se poskytuje ve form\u00e1tech a jazyc\u00edch podle obsahu \u017e\u00e1dosti o poskytnut\u00ed informace, nestanov\u00ed-li z\u00e1kon jinak a ve form\u00e1tu nebo jazyce, ve kter\u00fdch byla vytvo\u0159ena.<\/p>\n<p>a) <strong>\u00fastn\u011b <\/strong>prost\u0159ednictv\u00edm \u0159editelstv\u00ed \u0161koly, kter\u00e9 zajist\u00ed osobu pro \u017eadatele.<br \/>\n\u017dadatel uvede jm\u00e9no a p\u0159\u00edjmen\u00ed. Na \u00fastn\u00ed \u017e\u00e1dost \u0161kola poskytne \u00fastn\u00ed informaci. Nen\u00ed-li na \u00fastn\u011b podanou \u017e\u00e1dost informace poskytnuta nebo nepova\u017euje-li \u017eadatel \u00fastn\u011b podanou informaci za dosta\u010duj\u00edc\u00ed, je t\u0159eba, aby \u017eadatel podal \u017e\u00e1dost p\u00edsemn\u011b.<\/p>\n<p>b) <strong>e-mailem <\/strong>na adresu <a href=\"mailto:zuszdounky@zuszdounky.cz\">zuszdounky@zuszdounky.cz<\/a><br \/>\n\u017dadatel uvede jm\u00e9no, p\u0159\u00edjmen\u00ed a adresu pro doru\u010dov\u00e1n\u00ed.<\/p>\n<p>c) <strong>p\u00edsemn\u011b <\/strong>na adresu Z\u00e1kladn\u00ed um\u011bleck\u00e1 \u0161kola Zdounky, N\u00e1m\u011bst\u00ed 23, 768 02 Zdounky<br \/>\n\u017dadatel uvede jm\u00e9no, p\u0159\u00edjmen\u00ed a adresu pro doru\u010dov\u00e1n\u00ed.<\/p>\n<p><strong>11. <\/strong><strong>P\u0159\u00edjem \u017e\u00e1dost\u00ed a dal\u0161\u00edch pod\u00e1n\u00ed<\/strong><\/p>\n<p>Podat \u017e\u00e1dost, st\u00ed\u017enost, p\u0159edlo\u017eit n\u00e1vrh, podn\u011bt nebo jin\u00e9 do\u017e\u00e1d\u00e1n\u00ed lze prost\u0159ednictv\u00edm \u0159editelstv\u00ed \u0161koly p\u00edsemn\u011b nebo \u00fastn\u011b v \u00fa\u0159edn\u00edch hodin\u00e1ch po p\u0159edchoz\u00ed domluv\u011b.<\/p>\n<p><strong>12. <\/strong><strong>Opravn\u00e9 prost\u0159edky<\/strong><\/p>\n<p>V p\u0159\u00edpad\u011b nesouhlasn\u00e9ho stanoviska s rozhodnut\u00edm \u0159editele \u0161koly, kter\u00e9 vych\u00e1z\u00ed ze spr\u00e1vn\u00edho \u0159\u00edzen\u00ed, je mo\u017en\u00e9 po\u017e\u00e1dat o opravn\u00fd prost\u0159edek u Krajsk\u00e9ho \u00fa\u0159adu Zl\u00ednsk\u00e9ho kraje na adresu Odbor \u0161kolstv\u00ed, ml\u00e1de\u017ee a sportu Krajsk\u00e9ho \u00fa\u0159adu Zl\u00ednsk\u00e9ho kraje, t\u0159\u00edda T. Bati 22, 760 01 Zl\u00edn.<\/p>\n<p>Pou\u010den\u00ed o form\u011b a n\u00e1le\u017eitostech opravn\u00e9ho prost\u0159edku je v\u017edy sou\u010d\u00e1st\u00ed ka\u017ed\u00e9ho rozhodnut\u00ed \u0159editele \u0161koly, proti n\u011bmu\u017e je opravn\u00fd prost\u0159edek pod\u00e1n.<\/p>\n<p><strong>13. Formul\u00e1\u0159e<\/strong><\/p>\n<p>Ve\u0161ker\u00e9\u00a0formul\u00e1\u0159e pro administrativn\u00ed z\u00e1le\u017eitosti, z\u00e1jemce o studium jsou v ti\u0161t\u011bn\u00e9 podob\u011b v \u0159editeln\u011b \u0161koly.<\/p>\n<p><strong>14. <\/strong><strong>Popisy postup\u016f<\/strong><\/p>\n<p><a href=\"https:\/\/portal.gov.cz\/portal\/obcan\/situace\/\" target=\"_blank\" rel=\"noopener\">N\u00e1vody pro \u0159e\u0161en\u00ed \u017eivotn\u00edch situac\u00ed<\/a><\/p>\n<p><strong>15. P\u0159edpisy<\/strong><\/p>\n<p><em>\u00a0 \u00a0 \u00a0 15.1 Nejd\u016fle\u017eit\u011bj\u0161\u00ed pou\u017e\u00edvan\u00e9 p\u0159edpisy:<\/em><\/p>\n<p style=\"padding-left: 40px;\"><a href=\"https:\/\/www.msmt.cz\/\" target=\"_blank\" rel=\"noopener\">P\u0159ehled \u0161kolsk\u00fdch p\u0159edpis\u016f na M\u0160MT<\/a><br \/>\n<a href=\"https:\/\/www.zkola.cz\/\" target=\"_blank\" rel=\"noopener\">P\u0159ehled \u0161kolsk\u00fdch p\u0159edpis\u016f na ZKOLA<\/a><\/p>\n<p><em>\u00a0 \u00a0 \u00a015.2 Vydan\u00e9 pr\u00e1vn\u00ed p\u0159edpisy:<\/em><\/p>\n<p style=\"padding-left: 40px;\">1. Hlavn\u00ed dokumenty \u0161koly<br \/>\n2. Vnit\u0159n\u00ed sm\u011brnice<br \/>\n3. Prov\u00e1d\u011bc\u00ed p\u0159edpisy<br \/>\n4. Rozhodnut\u00ed \u0159editele \u0161koly<\/p>\n\n\t\t<\/div>\n\t<\/div>\n<\/div><\/div><\/div><\/div>\n<\/section>","protected":false},"excerpt":{"rendered":"\u00da\u0159edn\u00ed deska, dokumenty \u0161koly Povinn\u011b zve\u0159ej\u0148ovan\u00e9 informace vypl\u00fdvaj\u00ed ze z\u00e1kona \u010d. 106\/1999 Sb., o svobodn\u00e9m p\u0159\u00edstupu k informac\u00edm, strukturovan\u00e9 podle vyhl\u00e1\u0161ky \u010d. 442\/2006 Sb., kterou se stanov\u00ed struktura informac\u00ed zve\u0159ej\u0148ovan\u00fdch&hellip;","protected":false},"author":1,"featured_media":0,"parent":0,"menu_order":0,"comment_status":"closed","ping_status":"closed","template":"","meta":{"footnotes":"","_links_to":"","_links_to_target":""},"class_list":["post-2664","page","type-page","status-publish","hentry"],"yoast_head":"<!-- This site is optimized with the Yoast SEO plugin v25.8 - https:\/\/yoast.com\/wordpress\/plugins\/seo\/ -->\n<title>Z\u00e1kladn\u00ed um\u011bleck\u00e1 \u0161kola Zdounky - \u00da\u0159edn\u00ed deska, dokumenty \u0161koly<\/title>\n<meta name=\"description\" content=\"\u0160kola rodinn\u00e9ho typu \u2013 nejmen\u0161\u00ed um\u011bleck\u00e1 \u0161kola na Krom\u011b\u0159\u00ed\u017esku s dv\u011bma obory (hudebn\u00ed a v\u00fdtvarn\u00fd), dv\u011bma m\u00edsty vzd\u011bl\u00e1v\u00e1n\u00ed (Zdounky, Kory\u010dany) a nab\u00eddkou studia hry z tuctu r\u016fzn\u00fdch hudebn\u00edch n\u00e1stroj\u016f. Spole\u010dn\u011b se ZU\u0160lecht\u00edme!\" \/>\n<meta name=\"robots\" content=\"index, follow, max-snippet:-1, max-image-preview:large, max-video-preview:-1\" \/>\n<link rel=\"canonical\" href=\"https:\/\/zuszdounky.cz\/en\/uredni-deska-dokumenty-skoly\/\" \/>\n<meta property=\"og:locale\" content=\"en_GB\" \/>\n<meta property=\"og:type\" content=\"article\" \/>\n<meta property=\"og:title\" content=\"Z\u00e1kladn\u00ed um\u011bleck\u00e1 \u0161kola Zdounky\" \/>\n<meta property=\"og:description\" content=\"\u0160kola rodinn\u00e9ho typu \u2013 nejmen\u0161\u00ed um\u011bleck\u00e1 \u0161kola na Krom\u011b\u0159\u00ed\u017esku s dv\u011bma obory (hudebn\u00ed a v\u00fdtvarn\u00fd), dv\u011bma m\u00edsty vzd\u011bl\u00e1v\u00e1n\u00ed (Zdounky, Kory\u010dany) a nab\u00eddkou studia hry z tuctu r\u016fzn\u00fdch hudebn\u00edch n\u00e1stroj\u016f. Spole\u010dn\u011b se ZU\u0160lecht\u00edme!\" \/>\n<meta property=\"og:url\" content=\"https:\/\/zuszdounky.cz\/en\/uredni-deska-dokumenty-skoly\/\" \/>\n<meta property=\"og:site_name\" content=\"Z\u00e1kladn\u00ed um\u011bleck\u00e1 \u0161kola Zdounky\" \/>\n<meta property=\"article:publisher\" content=\"https:\/\/www.facebook.com\/zuszdounky\" \/>\n<meta property=\"article:modified_time\" content=\"2026-01-17T20:46:41+00:00\" \/>\n<meta property=\"og:image\" content=\"https:\/\/zuszdounky.cz\/wp-content\/uploads\/2023\/08\/budova.jpg\" \/>\n\t<meta property=\"og:image:width\" content=\"1604\" \/>\n\t<meta property=\"og:image:height\" content=\"1070\" \/>\n\t<meta property=\"og:image:type\" content=\"image\/jpeg\" \/>\n<meta name=\"twitter:card\" content=\"summary_large_image\" \/>\n<meta name=\"twitter:label1\" content=\"Estimated reading time\" \/>\n\t<meta name=\"twitter:data1\" content=\"4 minutes\" \/>\n<script type=\"application\/ld+json\" class=\"yoast-schema-graph\">{\"@context\":\"https:\/\/schema.org\",\"@graph\":[{\"@type\":\"WebPage\",\"@id\":\"https:\/\/zuszdounky.cz\/uredni-deska-dokumenty-skoly\/\",\"url\":\"https:\/\/zuszdounky.cz\/uredni-deska-dokumenty-skoly\/\",\"name\":\"Z\u00e1kladn\u00ed um\u011bleck\u00e1 \u0161kola Zdounky - \u00da\u0159edn\u00ed deska, dokumenty \u0161koly\",\"isPartOf\":{\"@id\":\"https:\/\/zuszdounky.cz\/#website\"},\"datePublished\":\"2023-07-31T22:58:46+00:00\",\"dateModified\":\"2026-01-17T20:46:41+00:00\",\"description\":\"\u0160kola rodinn\u00e9ho typu \u2013 nejmen\u0161\u00ed um\u011bleck\u00e1 \u0161kola na Krom\u011b\u0159\u00ed\u017esku s dv\u011bma obory (hudebn\u00ed a v\u00fdtvarn\u00fd), dv\u011bma m\u00edsty vzd\u011bl\u00e1v\u00e1n\u00ed (Zdounky, Kory\u010dany) a nab\u00eddkou studia hry z tuctu r\u016fzn\u00fdch hudebn\u00edch n\u00e1stroj\u016f. Spole\u010dn\u011b se ZU\u0160lecht\u00edme!\",\"breadcrumb\":{\"@id\":\"https:\/\/zuszdounky.cz\/uredni-deska-dokumenty-skoly\/#breadcrumb\"},\"inLanguage\":\"en-GB\",\"potentialAction\":[{\"@type\":\"ReadAction\",\"target\":[\"https:\/\/zuszdounky.cz\/uredni-deska-dokumenty-skoly\/\"]}]},{\"@type\":\"BreadcrumbList\",\"@id\":\"https:\/\/zuszdounky.cz\/uredni-deska-dokumenty-skoly\/#breadcrumb\",\"itemListElement\":[{\"@type\":\"ListItem\",\"position\":1,\"name\":\"Dom\u016f\",\"item\":\"https:\/\/zuszdounky.cz\/\"},{\"@type\":\"ListItem\",\"position\":2,\"name\":\"\u00da\u0159edn\u00ed deska, dokumenty \u0161koly\"}]},{\"@type\":\"WebSite\",\"@id\":\"https:\/\/zuszdounky.cz\/#website\",\"url\":\"https:\/\/zuszdounky.cz\/\",\"name\":\"Z\u00e1kladn\u00ed um\u011bleck\u00e1 \u0161kola Zdounky\",\"description\":\"Spole\u010dn\u011b se ZU\u0160lecht\u00edme!\",\"publisher\":{\"@id\":\"https:\/\/zuszdounky.cz\/#organization\"},\"potentialAction\":[{\"@type\":\"SearchAction\",\"target\":{\"@type\":\"EntryPoint\",\"urlTemplate\":\"https:\/\/zuszdounky.cz\/?s={search_term_string}\"},\"query-input\":{\"@type\":\"PropertyValueSpecification\",\"valueRequired\":true,\"valueName\":\"search_term_string\"}}],\"inLanguage\":\"en-GB\"},{\"@type\":\"Organization\",\"@id\":\"https:\/\/zuszdounky.cz\/#organization\",\"name\":\"Z\u00e1kladn\u00ed um\u011bleck\u00e1 \u0161kola Zdounky\",\"url\":\"https:\/\/zuszdounky.cz\/\",\"logo\":{\"@type\":\"ImageObject\",\"inLanguage\":\"en-GB\",\"@id\":\"https:\/\/zuszdounky.cz\/#\/schema\/logo\/image\/\",\"url\":\"https:\/\/zuszdounky.cz\/wp-content\/uploads\/2023\/07\/cropped-ZUS_ZDOUNKY-e1689246716149.png\",\"contentUrl\":\"https:\/\/zuszdounky.cz\/wp-content\/uploads\/2023\/07\/cropped-ZUS_ZDOUNKY-e1689246716149.png\",\"width\":249,\"height\":227,\"caption\":\"Z\u00e1kladn\u00ed um\u011bleck\u00e1 \u0161kola Zdounky\"},\"image\":{\"@id\":\"https:\/\/zuszdounky.cz\/#\/schema\/logo\/image\/\"},\"sameAs\":[\"https:\/\/www.facebook.com\/zuszdounky\"]}]}<\/script>\n<!-- \/ Yoast SEO plugin. -->","yoast_head_json":{"title":"Z\u00e1kladn\u00ed um\u011bleck\u00e1 \u0161kola Zdounky - \u00da\u0159edn\u00ed deska, dokumenty \u0161koly","description":"\u0160kola rodinn\u00e9ho typu \u2013 nejmen\u0161\u00ed um\u011bleck\u00e1 \u0161kola na Krom\u011b\u0159\u00ed\u017esku s dv\u011bma obory (hudebn\u00ed a v\u00fdtvarn\u00fd), dv\u011bma m\u00edsty vzd\u011bl\u00e1v\u00e1n\u00ed (Zdounky, Kory\u010dany) a nab\u00eddkou studia hry z tuctu r\u016fzn\u00fdch hudebn\u00edch n\u00e1stroj\u016f. Spole\u010dn\u011b se ZU\u0160lecht\u00edme!","robots":{"index":"index","follow":"follow","max-snippet":"max-snippet:-1","max-image-preview":"max-image-preview:large","max-video-preview":"max-video-preview:-1"},"canonical":"https:\/\/zuszdounky.cz\/en\/uredni-deska-dokumenty-skoly\/","og_locale":"en_GB","og_type":"article","og_title":"Z\u00e1kladn\u00ed um\u011bleck\u00e1 \u0161kola Zdounky","og_description":"\u0160kola rodinn\u00e9ho typu \u2013 nejmen\u0161\u00ed um\u011bleck\u00e1 \u0161kola na Krom\u011b\u0159\u00ed\u017esku s dv\u011bma obory (hudebn\u00ed a v\u00fdtvarn\u00fd), dv\u011bma m\u00edsty vzd\u011bl\u00e1v\u00e1n\u00ed (Zdounky, Kory\u010dany) a nab\u00eddkou studia hry z tuctu r\u016fzn\u00fdch hudebn\u00edch n\u00e1stroj\u016f. Spole\u010dn\u011b se ZU\u0160lecht\u00edme!","og_url":"https:\/\/zuszdounky.cz\/en\/uredni-deska-dokumenty-skoly\/","og_site_name":"Z\u00e1kladn\u00ed um\u011bleck\u00e1 \u0161kola Zdounky","article_publisher":"https:\/\/www.facebook.com\/zuszdounky","article_modified_time":"2026-01-17T20:46:41+00:00","og_image":[{"width":1604,"height":1070,"url":"https:\/\/zuszdounky.cz\/wp-content\/uploads\/2023\/08\/budova.jpg","type":"image\/jpeg"}],"twitter_card":"summary_large_image","twitter_misc":{"Estimated reading time":"4 minutes"},"schema":{"@context":"https:\/\/schema.org","@graph":[{"@type":"WebPage","@id":"https:\/\/zuszdounky.cz\/uredni-deska-dokumenty-skoly\/","url":"https:\/\/zuszdounky.cz\/uredni-deska-dokumenty-skoly\/","name":"Z\u00e1kladn\u00ed um\u011bleck\u00e1 \u0161kola Zdounky - \u00da\u0159edn\u00ed deska, dokumenty \u0161koly","isPartOf":{"@id":"https:\/\/zuszdounky.cz\/#website"},"datePublished":"2023-07-31T22:58:46+00:00","dateModified":"2026-01-17T20:46:41+00:00","description":"\u0160kola rodinn\u00e9ho typu \u2013 nejmen\u0161\u00ed um\u011bleck\u00e1 \u0161kola na Krom\u011b\u0159\u00ed\u017esku s dv\u011bma obory (hudebn\u00ed a v\u00fdtvarn\u00fd), dv\u011bma m\u00edsty vzd\u011bl\u00e1v\u00e1n\u00ed (Zdounky, Kory\u010dany) a nab\u00eddkou studia hry z tuctu r\u016fzn\u00fdch hudebn\u00edch n\u00e1stroj\u016f. Spole\u010dn\u011b se ZU\u0160lecht\u00edme!","breadcrumb":{"@id":"https:\/\/zuszdounky.cz\/uredni-deska-dokumenty-skoly\/#breadcrumb"},"inLanguage":"en-GB","potentialAction":[{"@type":"ReadAction","target":["https:\/\/zuszdounky.cz\/uredni-deska-dokumenty-skoly\/"]}]},{"@type":"BreadcrumbList","@id":"https:\/\/zuszdounky.cz\/uredni-deska-dokumenty-skoly\/#breadcrumb","itemListElement":[{"@type":"ListItem","position":1,"name":"Dom\u016f","item":"https:\/\/zuszdounky.cz\/"},{"@type":"ListItem","position":2,"name":"\u00da\u0159edn\u00ed deska, dokumenty \u0161koly"}]},{"@type":"WebSite","@id":"https:\/\/zuszdounky.cz\/#website","url":"https:\/\/zuszdounky.cz\/","name":"Z\u00e1kladn\u00ed um\u011bleck\u00e1 \u0161kola Zdounky","description":"Spole\u010dn\u011b se ZU\u0160lecht\u00edme!","publisher":{"@id":"https:\/\/zuszdounky.cz\/#organization"},"potentialAction":[{"@type":"SearchAction","target":{"@type":"EntryPoint","urlTemplate":"https:\/\/zuszdounky.cz\/?s={search_term_string}"},"query-input":{"@type":"PropertyValueSpecification","valueRequired":true,"valueName":"search_term_string"}}],"inLanguage":"en-GB"},{"@type":"Organization","@id":"https:\/\/zuszdounky.cz\/#organization","name":"Z\u00e1kladn\u00ed um\u011bleck\u00e1 \u0161kola Zdounky","url":"https:\/\/zuszdounky.cz\/","logo":{"@type":"ImageObject","inLanguage":"en-GB","@id":"https:\/\/zuszdounky.cz\/#\/schema\/logo\/image\/","url":"https:\/\/zuszdounky.cz\/wp-content\/uploads\/2023\/07\/cropped-ZUS_ZDOUNKY-e1689246716149.png","contentUrl":"https:\/\/zuszdounky.cz\/wp-content\/uploads\/2023\/07\/cropped-ZUS_ZDOUNKY-e1689246716149.png","width":249,"height":227,"caption":"Z\u00e1kladn\u00ed um\u011bleck\u00e1 \u0161kola Zdounky"},"image":{"@id":"https:\/\/zuszdounky.cz\/#\/schema\/logo\/image\/"},"sameAs":["https:\/\/www.facebook.com\/zuszdounky"]}]}},"_links":{"self":[{"href":"https:\/\/zuszdounky.cz\/en\/wp-json\/wp\/v2\/pages\/2664","targetHints":{"allow":["GET"]}}],"collection":[{"href":"https:\/\/zuszdounky.cz\/en\/wp-json\/wp\/v2\/pages"}],"about":[{"href":"https:\/\/zuszdounky.cz\/en\/wp-json\/wp\/v2\/types\/page"}],"author":[{"embeddable":true,"href":"https:\/\/zuszdounky.cz\/en\/wp-json\/wp\/v2\/users\/1"}],"replies":[{"embeddable":true,"href":"https:\/\/zuszdounky.cz\/en\/wp-json\/wp\/v2\/comments?post=2664"}],"version-history":[{"count":55,"href":"https:\/\/zuszdounky.cz\/en\/wp-json\/wp\/v2\/pages\/2664\/revisions"}],"predecessor-version":[{"id":3259,"href":"https:\/\/zuszdounky.cz\/en\/wp-json\/wp\/v2\/pages\/2664\/revisions\/3259"}],"wp:attachment":[{"href":"https:\/\/zuszdounky.cz\/en\/wp-json\/wp\/v2\/media?parent=2664"}],"curies":[{"name":"wp","href":"https:\/\/api.w.org\/{rel}","templated":true}]}}