{"id":2696,"date":"2023-07-31T23:45:15","date_gmt":"2023-07-31T23:45:15","guid":{"rendered":"https:\/\/zuszdounky.cz\/?page_id=2696"},"modified":"2024-05-08T08:43:58","modified_gmt":"2024-05-08T08:43:58","slug":"spolek-umeni-rodice-a-podpora","status":"publish","type":"page","link":"https:\/\/zuszdounky.cz\/en\/spolek-umeni-rodice-a-podpora\/","title":{"rendered":"Um\u011bn\u00ed, rodi\u010de a podpora &#8211; spolek"},"content":{"rendered":"<section class=\"wpb-content-wrapper\"><div class=\"vc_row wpb_row vc_row-fluid vc_custom_1690847570200\"><div class=\"wpb_column vc_column_container vc_col-sm-12 sc_layouts_column_icons_position_left\"><div class=\"vc_column-inner\"><div class=\"wpb_wrapper\">\n\t<div class=\"wpb_text_column wpb_content_element\" >\n\t\t<div class=\"wpb_wrapper\">\n\t\t\t<h2>Spolek um\u011bn\u00ed, rodi\u010de a podpora<\/h2>\n<p>Zapsan\u00fd spolek\u00a0<strong>Um\u011bn\u00ed, rodi\u010de a podpora ZU\u0160 Zdounky <\/strong>(d\u00e1le jen URP) byl zaregistrov\u00e1n u Krajsk\u00e9ho soudu v Brn\u011b dne 3. 3. 2018.<\/p>\n\n\t\t<\/div>\n\t<\/div>\n<div class=\"vc_empty_space  sc_height_medium\"   style=\"height: 20px\"><span class=\"vc_empty_space_inner\"><\/span><\/div>\n\t<div class=\"wpb_text_column wpb_content_element\" >\n\t\t<div class=\"wpb_wrapper\">\n\t\t\t<p>C\u00edlem spolku je podporovat z\u00e1jmovou \u010dinnost d\u011bt\u00ed \u2013 <strong>\u017e\u00e1k\u016f<\/strong> <strong>Z\u00e1kladn\u00ed um\u011bleck\u00e9 \u0161koly ve Zdounk\u00e1ch<\/strong>, prohlubovat jejich vztah k um\u011bleck\u00fdm obor\u016fm a z\u00e1jem o studium p\u0159edev\u0161\u00edm po\u0159\u00e1d\u00e1n\u00edm koncert\u016f, \u0161koln\u00edch pozn\u00e1vac\u00edch exkurz\u00ed, mimo\u0161koln\u00edch soust\u0159ed\u011bn\u00ed a plen\u00e9r\u016f, z\u00e1jezd\u016f na r\u016fzn\u00e1 kulturn\u00ed p\u0159edstaven\u00ed. URP ZU\u0160 otev\u00edr\u00e1 d\u011btem nov\u00e9 mo\u017enosti smyslupln\u00e9ho tr\u00e1ven\u00ed voln\u00e9ho \u010dasu a spolupod\u00edl\u00ed se tak mj. na prevenci rizikov\u00e9ho chov\u00e1n\u00ed.<\/p>\n<p>V\u00a0posledn\u00edch letech \u017e\u00e1ci mohli nav\u0161t\u00edvit zaj\u00edmav\u00e1 kulturn\u00ed m\u00edsta, jako jsou nap\u0159\u00edklad <strong>Hukvaldy<\/strong>, <strong>Poli\u010dka<\/strong>, <strong>Litomy\u0161l<\/strong>, <strong>Ostrava<\/strong>, <strong>Brno<\/strong> \u010di dokonce <strong>V\u00edde\u0148<\/strong> nebo <strong>Budape\u0161\u0165<\/strong>, ti nejmlad\u0161\u00ed se vydali do <strong>Kongresov\u00e9ho centra ve Zl\u00edn\u011b<\/strong> na zn\u00e1m\u00e9 minioperky z\u00a0d\u00edlny <strong>Uhl\u00ed\u0159e<\/strong> a <strong>Sv\u011br\u00e1ka<\/strong> v\u00a0pod\u00e1n\u00ed <strong>D\u011btsk\u00e9 opery Praha<\/strong>.<\/p>\n<p><strong>\u010clensk\u00e9 p\u0159\u00edsp\u011bvky<\/strong><\/p>\n<p>V\u00fd\u0161e p\u0159\u00edsp\u011bvku (daru od rodi\u010d\u016f) je od roku 2022 stanovena a schv\u00e1lena v\u00fdborem spolku na <strong>300,- K\u010d<\/strong>. P\u0159\u00edsp\u011bvek plat\u00ed ka\u017ed\u00fd \u017e\u00e1k \u0161koly bez ohledu na sv\u00e9 sourozence, neplat\u00ed ov\u0161em v\u00edckr\u00e1t v p\u0159\u00edpad\u011b studia 2 obor\u016f (hudebn\u00ed i v\u00fdtvarn\u00fd) nebo studijn\u00edch zam\u011b\u0159en\u00ed (hra na 2 n\u00e1stroje). Pokud p\u0159\u00edsp\u011bvek nebude uhrazen, nemohou d\u011bti \u010derpat v\u00fdhody URP ZU\u0160 (v\u00fdhodn\u011bj\u0161\u00ed z\u00e1jezdy, akce \u0161koly).<\/p>\n<p><strong>V\u00fdbor URP ZU\u0160 Zdounky:<br \/><\/strong><br \/>p\u0159edsedkyn\u011b:<strong>\u00a0Mgr. Veronika Vl\u010dkov\u00e1<br \/><\/strong>pokladn\u00ed:\u00a0<strong>Ing. Ond\u0159ej Ve\u010de\u0159a<\/strong><\/p>\n<p><strong>Kontaktn\u00ed \u00fadaje:<\/strong><\/p>\n<p>Um\u011bn\u00ed, rodi\u010de a podpora ZU\u0160 Zdounky, z. s.<br \/>N\u00e1m\u011bst\u00ed 23, 768 02 Zdounky<strong><br \/>I\u010cO<\/strong>:\u00a0068 59\u00a0551<\/p>\n\n\t\t<\/div>\n\t<\/div>\n<\/div><\/div><\/div><\/div>\n<\/section>","protected":false},"excerpt":{"rendered":"Spolek um\u011bn\u00ed, rodi\u010de a podpora Zapsan\u00fd spolek\u00a0Um\u011bn\u00ed, rodi\u010de a podpora ZU\u0160 Zdounky (d\u00e1le jen URP) byl zaregistrov\u00e1n u Krajsk\u00e9ho soudu v Brn\u011b dne 3. 3. 2018. C\u00edlem spolku je podporovat&hellip;","protected":false},"author":1,"featured_media":0,"parent":0,"menu_order":0,"comment_status":"closed","ping_status":"closed","template":"","meta":{"footnotes":"","_links_to":"","_links_to_target":""},"class_list":["post-2696","page","type-page","status-publish","hentry"],"yoast_head":"<!-- This site is optimized with the Yoast SEO plugin v25.8 - https:\/\/yoast.com\/wordpress\/plugins\/seo\/ -->\n<title>Z\u00e1kladn\u00ed um\u011bleck\u00e1 \u0161kola Zdounky - Um\u011bn\u00ed, rodi\u010de a podpora - spolek<\/title>\n<meta name=\"description\" content=\"\u0160kola rodinn\u00e9ho typu \u2013 nejmen\u0161\u00ed um\u011bleck\u00e1 \u0161kola na Krom\u011b\u0159\u00ed\u017esku s dv\u011bma obory (hudebn\u00ed a v\u00fdtvarn\u00fd), dv\u011bma m\u00edsty vzd\u011bl\u00e1v\u00e1n\u00ed (Zdounky, Kory\u010dany) a nab\u00eddkou studia hry z tuctu r\u016fzn\u00fdch hudebn\u00edch n\u00e1stroj\u016f. Spole\u010dn\u011b se ZU\u0160lecht\u00edme!\" \/>\n<meta name=\"robots\" content=\"index, follow, max-snippet:-1, max-image-preview:large, max-video-preview:-1\" \/>\n<link rel=\"canonical\" href=\"https:\/\/zuszdounky.cz\/en\/spolek-umeni-rodice-a-podpora\/\" \/>\n<meta property=\"og:locale\" content=\"en_GB\" \/>\n<meta property=\"og:type\" content=\"article\" \/>\n<meta property=\"og:title\" content=\"Z\u00e1kladn\u00ed um\u011bleck\u00e1 \u0161kola Zdounky\" \/>\n<meta property=\"og:description\" content=\"\u0160kola rodinn\u00e9ho typu \u2013 nejmen\u0161\u00ed um\u011bleck\u00e1 \u0161kola na Krom\u011b\u0159\u00ed\u017esku s dv\u011bma obory (hudebn\u00ed a v\u00fdtvarn\u00fd), dv\u011bma m\u00edsty vzd\u011bl\u00e1v\u00e1n\u00ed (Zdounky, Kory\u010dany) a nab\u00eddkou studia hry z tuctu r\u016fzn\u00fdch hudebn\u00edch n\u00e1stroj\u016f. Spole\u010dn\u011b se ZU\u0160lecht\u00edme!\" \/>\n<meta property=\"og:url\" content=\"https:\/\/zuszdounky.cz\/en\/spolek-umeni-rodice-a-podpora\/\" \/>\n<meta property=\"og:site_name\" content=\"Z\u00e1kladn\u00ed um\u011bleck\u00e1 \u0161kola Zdounky\" \/>\n<meta property=\"article:publisher\" content=\"https:\/\/www.facebook.com\/zuszdounky\" \/>\n<meta property=\"article:modified_time\" content=\"2024-05-08T08:43:58+00:00\" \/>\n<meta property=\"og:image\" content=\"https:\/\/zuszdounky.cz\/wp-content\/uploads\/2023\/08\/budova.jpg\" \/>\n\t<meta property=\"og:image:width\" content=\"1604\" \/>\n\t<meta property=\"og:image:height\" content=\"1070\" \/>\n\t<meta property=\"og:image:type\" content=\"image\/jpeg\" \/>\n<meta name=\"twitter:card\" content=\"summary_large_image\" \/>\n<meta name=\"twitter:label1\" content=\"Estimated reading time\" \/>\n\t<meta name=\"twitter:data1\" content=\"2 minutes\" \/>\n<script type=\"application\/ld+json\" class=\"yoast-schema-graph\">{\"@context\":\"https:\/\/schema.org\",\"@graph\":[{\"@type\":\"WebPage\",\"@id\":\"https:\/\/zuszdounky.cz\/spolek-umeni-rodice-a-podpora\/\",\"url\":\"https:\/\/zuszdounky.cz\/spolek-umeni-rodice-a-podpora\/\",\"name\":\"Z\u00e1kladn\u00ed um\u011bleck\u00e1 \u0161kola Zdounky - Um\u011bn\u00ed, rodi\u010de a podpora - spolek\",\"isPartOf\":{\"@id\":\"https:\/\/zuszdounky.cz\/#website\"},\"datePublished\":\"2023-07-31T23:45:15+00:00\",\"dateModified\":\"2024-05-08T08:43:58+00:00\",\"description\":\"\u0160kola rodinn\u00e9ho typu \u2013 nejmen\u0161\u00ed um\u011bleck\u00e1 \u0161kola na Krom\u011b\u0159\u00ed\u017esku s dv\u011bma obory (hudebn\u00ed a v\u00fdtvarn\u00fd), dv\u011bma m\u00edsty vzd\u011bl\u00e1v\u00e1n\u00ed (Zdounky, Kory\u010dany) a nab\u00eddkou studia hry z tuctu r\u016fzn\u00fdch hudebn\u00edch n\u00e1stroj\u016f. Spole\u010dn\u011b se ZU\u0160lecht\u00edme!\",\"breadcrumb\":{\"@id\":\"https:\/\/zuszdounky.cz\/spolek-umeni-rodice-a-podpora\/#breadcrumb\"},\"inLanguage\":\"en-GB\",\"potentialAction\":[{\"@type\":\"ReadAction\",\"target\":[\"https:\/\/zuszdounky.cz\/spolek-umeni-rodice-a-podpora\/\"]}]},{\"@type\":\"BreadcrumbList\",\"@id\":\"https:\/\/zuszdounky.cz\/spolek-umeni-rodice-a-podpora\/#breadcrumb\",\"itemListElement\":[{\"@type\":\"ListItem\",\"position\":1,\"name\":\"Dom\u016f\",\"item\":\"https:\/\/zuszdounky.cz\/\"},{\"@type\":\"ListItem\",\"position\":2,\"name\":\"Um\u011bn\u00ed, rodi\u010de a podpora &#8211; spolek\"}]},{\"@type\":\"WebSite\",\"@id\":\"https:\/\/zuszdounky.cz\/#website\",\"url\":\"https:\/\/zuszdounky.cz\/\",\"name\":\"Z\u00e1kladn\u00ed um\u011bleck\u00e1 \u0161kola Zdounky\",\"description\":\"Spole\u010dn\u011b se ZU\u0160lecht\u00edme!\",\"publisher\":{\"@id\":\"https:\/\/zuszdounky.cz\/#organization\"},\"potentialAction\":[{\"@type\":\"SearchAction\",\"target\":{\"@type\":\"EntryPoint\",\"urlTemplate\":\"https:\/\/zuszdounky.cz\/?s={search_term_string}\"},\"query-input\":{\"@type\":\"PropertyValueSpecification\",\"valueRequired\":true,\"valueName\":\"search_term_string\"}}],\"inLanguage\":\"en-GB\"},{\"@type\":\"Organization\",\"@id\":\"https:\/\/zuszdounky.cz\/#organization\",\"name\":\"Z\u00e1kladn\u00ed um\u011bleck\u00e1 \u0161kola Zdounky\",\"url\":\"https:\/\/zuszdounky.cz\/\",\"logo\":{\"@type\":\"ImageObject\",\"inLanguage\":\"en-GB\",\"@id\":\"https:\/\/zuszdounky.cz\/#\/schema\/logo\/image\/\",\"url\":\"https:\/\/zuszdounky.cz\/wp-content\/uploads\/2023\/07\/cropped-ZUS_ZDOUNKY-e1689246716149.png\",\"contentUrl\":\"https:\/\/zuszdounky.cz\/wp-content\/uploads\/2023\/07\/cropped-ZUS_ZDOUNKY-e1689246716149.png\",\"width\":249,\"height\":227,\"caption\":\"Z\u00e1kladn\u00ed um\u011bleck\u00e1 \u0161kola Zdounky\"},\"image\":{\"@id\":\"https:\/\/zuszdounky.cz\/#\/schema\/logo\/image\/\"},\"sameAs\":[\"https:\/\/www.facebook.com\/zuszdounky\"]}]}<\/script>\n<!-- \/ Yoast SEO plugin. -->","yoast_head_json":{"title":"Z\u00e1kladn\u00ed um\u011bleck\u00e1 \u0161kola Zdounky - Um\u011bn\u00ed, rodi\u010de a podpora - spolek","description":"\u0160kola rodinn\u00e9ho typu \u2013 nejmen\u0161\u00ed um\u011bleck\u00e1 \u0161kola na Krom\u011b\u0159\u00ed\u017esku s dv\u011bma obory (hudebn\u00ed a v\u00fdtvarn\u00fd), dv\u011bma m\u00edsty vzd\u011bl\u00e1v\u00e1n\u00ed (Zdounky, Kory\u010dany) a nab\u00eddkou studia hry z tuctu r\u016fzn\u00fdch hudebn\u00edch n\u00e1stroj\u016f. Spole\u010dn\u011b se ZU\u0160lecht\u00edme!","robots":{"index":"index","follow":"follow","max-snippet":"max-snippet:-1","max-image-preview":"max-image-preview:large","max-video-preview":"max-video-preview:-1"},"canonical":"https:\/\/zuszdounky.cz\/en\/spolek-umeni-rodice-a-podpora\/","og_locale":"en_GB","og_type":"article","og_title":"Z\u00e1kladn\u00ed um\u011bleck\u00e1 \u0161kola Zdounky","og_description":"\u0160kola rodinn\u00e9ho typu \u2013 nejmen\u0161\u00ed um\u011bleck\u00e1 \u0161kola na Krom\u011b\u0159\u00ed\u017esku s dv\u011bma obory (hudebn\u00ed a v\u00fdtvarn\u00fd), dv\u011bma m\u00edsty vzd\u011bl\u00e1v\u00e1n\u00ed (Zdounky, Kory\u010dany) a nab\u00eddkou studia hry z tuctu r\u016fzn\u00fdch hudebn\u00edch n\u00e1stroj\u016f. Spole\u010dn\u011b se ZU\u0160lecht\u00edme!","og_url":"https:\/\/zuszdounky.cz\/en\/spolek-umeni-rodice-a-podpora\/","og_site_name":"Z\u00e1kladn\u00ed um\u011bleck\u00e1 \u0161kola Zdounky","article_publisher":"https:\/\/www.facebook.com\/zuszdounky","article_modified_time":"2024-05-08T08:43:58+00:00","og_image":[{"width":1604,"height":1070,"url":"https:\/\/zuszdounky.cz\/wp-content\/uploads\/2023\/08\/budova.jpg","type":"image\/jpeg"}],"twitter_card":"summary_large_image","twitter_misc":{"Estimated reading time":"2 minutes"},"schema":{"@context":"https:\/\/schema.org","@graph":[{"@type":"WebPage","@id":"https:\/\/zuszdounky.cz\/spolek-umeni-rodice-a-podpora\/","url":"https:\/\/zuszdounky.cz\/spolek-umeni-rodice-a-podpora\/","name":"Z\u00e1kladn\u00ed um\u011bleck\u00e1 \u0161kola Zdounky - Um\u011bn\u00ed, rodi\u010de a podpora - spolek","isPartOf":{"@id":"https:\/\/zuszdounky.cz\/#website"},"datePublished":"2023-07-31T23:45:15+00:00","dateModified":"2024-05-08T08:43:58+00:00","description":"\u0160kola rodinn\u00e9ho typu \u2013 nejmen\u0161\u00ed um\u011bleck\u00e1 \u0161kola na Krom\u011b\u0159\u00ed\u017esku s dv\u011bma obory (hudebn\u00ed a v\u00fdtvarn\u00fd), dv\u011bma m\u00edsty vzd\u011bl\u00e1v\u00e1n\u00ed (Zdounky, Kory\u010dany) a nab\u00eddkou studia hry z tuctu r\u016fzn\u00fdch hudebn\u00edch n\u00e1stroj\u016f. Spole\u010dn\u011b se ZU\u0160lecht\u00edme!","breadcrumb":{"@id":"https:\/\/zuszdounky.cz\/spolek-umeni-rodice-a-podpora\/#breadcrumb"},"inLanguage":"en-GB","potentialAction":[{"@type":"ReadAction","target":["https:\/\/zuszdounky.cz\/spolek-umeni-rodice-a-podpora\/"]}]},{"@type":"BreadcrumbList","@id":"https:\/\/zuszdounky.cz\/spolek-umeni-rodice-a-podpora\/#breadcrumb","itemListElement":[{"@type":"ListItem","position":1,"name":"Dom\u016f","item":"https:\/\/zuszdounky.cz\/"},{"@type":"ListItem","position":2,"name":"Um\u011bn\u00ed, rodi\u010de a podpora &#8211; spolek"}]},{"@type":"WebSite","@id":"https:\/\/zuszdounky.cz\/#website","url":"https:\/\/zuszdounky.cz\/","name":"Z\u00e1kladn\u00ed um\u011bleck\u00e1 \u0161kola Zdounky","description":"Spole\u010dn\u011b se ZU\u0160lecht\u00edme!","publisher":{"@id":"https:\/\/zuszdounky.cz\/#organization"},"potentialAction":[{"@type":"SearchAction","target":{"@type":"EntryPoint","urlTemplate":"https:\/\/zuszdounky.cz\/?s={search_term_string}"},"query-input":{"@type":"PropertyValueSpecification","valueRequired":true,"valueName":"search_term_string"}}],"inLanguage":"en-GB"},{"@type":"Organization","@id":"https:\/\/zuszdounky.cz\/#organization","name":"Z\u00e1kladn\u00ed um\u011bleck\u00e1 \u0161kola Zdounky","url":"https:\/\/zuszdounky.cz\/","logo":{"@type":"ImageObject","inLanguage":"en-GB","@id":"https:\/\/zuszdounky.cz\/#\/schema\/logo\/image\/","url":"https:\/\/zuszdounky.cz\/wp-content\/uploads\/2023\/07\/cropped-ZUS_ZDOUNKY-e1689246716149.png","contentUrl":"https:\/\/zuszdounky.cz\/wp-content\/uploads\/2023\/07\/cropped-ZUS_ZDOUNKY-e1689246716149.png","width":249,"height":227,"caption":"Z\u00e1kladn\u00ed um\u011bleck\u00e1 \u0161kola Zdounky"},"image":{"@id":"https:\/\/zuszdounky.cz\/#\/schema\/logo\/image\/"},"sameAs":["https:\/\/www.facebook.com\/zuszdounky"]}]}},"_links":{"self":[{"href":"https:\/\/zuszdounky.cz\/en\/wp-json\/wp\/v2\/pages\/2696","targetHints":{"allow":["GET"]}}],"collection":[{"href":"https:\/\/zuszdounky.cz\/en\/wp-json\/wp\/v2\/pages"}],"about":[{"href":"https:\/\/zuszdounky.cz\/en\/wp-json\/wp\/v2\/types\/page"}],"author":[{"embeddable":true,"href":"https:\/\/zuszdounky.cz\/en\/wp-json\/wp\/v2\/users\/1"}],"replies":[{"embeddable":true,"href":"https:\/\/zuszdounky.cz\/en\/wp-json\/wp\/v2\/comments?post=2696"}],"version-history":[{"count":10,"href":"https:\/\/zuszdounky.cz\/en\/wp-json\/wp\/v2\/pages\/2696\/revisions"}],"predecessor-version":[{"id":3056,"href":"https:\/\/zuszdounky.cz\/en\/wp-json\/wp\/v2\/pages\/2696\/revisions\/3056"}],"wp:attachment":[{"href":"https:\/\/zuszdounky.cz\/en\/wp-json\/wp\/v2\/media?parent=2696"}],"curies":[{"name":"wp","href":"https:\/\/api.w.org\/{rel}","templated":true}]}}