{"id":2709,"date":"2023-07-31T23:56:00","date_gmt":"2023-07-31T23:56:00","guid":{"rendered":"https:\/\/zuszdounky.cz\/?page_id=2709"},"modified":"2025-08-27T14:19:27","modified_gmt":"2025-08-27T14:19:27","slug":"informace-o-skole","status":"publish","type":"page","link":"https:\/\/zuszdounky.cz\/en\/informace-o-skole\/","title":{"rendered":"Informace o \u0161kole"},"content":{"rendered":"<section class=\"wpb-content-wrapper\"><div class=\"vc_row wpb_row vc_row-fluid vc_custom_1690847570200\"><div class=\"wpb_column vc_column_container vc_col-sm-12 sc_layouts_column_icons_position_left\"><div class=\"vc_column-inner\"><div class=\"wpb_wrapper\">\n\t<div class=\"wpb_text_column wpb_content_element\" >\n\t\t<div class=\"wpb_wrapper\">\n\t\t\t<h2>Informace o \u0161kole<\/h2>\n<p><strong>Z\u00e1kladn\u00ed um\u011bleck\u00e1 \u0161kola Zdounky<\/strong> se nach\u00e1z\u00ed v\u00a0obci 10 km ji\u017en\u011b od Krom\u011b\u0159\u00ed\u017ee, jej\u00edm z\u0159izovatelem je Zl\u00ednsk\u00fd kraj. Historie sah\u00e1 a\u017e do roku 1964, kdy ve Zdounk\u00e1ch vznikl Hudebn\u00ed kurz jako pobo\u010dka tehdej\u0161\u00ed L\u0160U Krom\u011b\u0159\u00ed\u017e.<\/p>\n\n\t\t<\/div>\n\t<\/div>\n<div class=\"vc_empty_space  sc_height_medium\"   style=\"height: 20px\"><span class=\"vc_empty_space_inner\"><\/span><\/div>\n\t<div class=\"wpb_text_column wpb_content_element\" >\n\t\t<div class=\"wpb_wrapper\">\n\t\t\t<p>Jedn\u00e1 se o nejmen\u0161\u00ed ZU\u0160 na Krom\u011b\u0159\u00ed\u017esku, charakteristickou jako \u0161kola rodinn\u00e9ho typu. Ke studiu jsou nab\u00edzeny dva obory \u2013 hudebn\u00ed a v\u00fdtvarn\u00fd. Celkov\u00e1 kapacita \u010din\u00ed 190 \u017e\u00e1k\u016f, \u010d\u00e1st z\u00a0nich nav\u0161t\u011bvuje pobo\u010dku \u2013 m\u00edsto poskytuj\u00edc\u00ed vzd\u011bl\u00e1v\u00e1n\u00ed v\u00a0Kory\u010danech. Z\u00e1pis do ZU\u0160 pro d\u011bti od 5let prob\u00edh\u00e1 na obou pracovi\u0161t\u00edch v\u017edy v\u00a0m\u011bs\u00edci \u010dervnu ve form\u011b p\u0159ij\u00edmac\u00ed talentov\u00e9 zkou\u0161ky.<\/p>\n<p>Vyu\u010dujeme podle \u0160koln\u00edho vzd\u011bl\u00e1vac\u00edho programu s motiva\u010dn\u00edm n\u00e1zvem <strong>\u201eSpole\u010dn\u011b se ZU\u0160lecht\u00edme\u201c<\/strong>, kter\u00fd pravideln\u011b aktualizujeme. V sou\u010dasnosti nab\u00edz\u00edme studium hry na 12 n\u00e1stroj\u016f:\u00a0<strong>klav\u00edr, housle, kytara, akordeon, elektronick\u00e9 kl\u00e1vesov\u00e9 n\u00e1stroje, varhany, zobcov\u00e1 fl\u00e9tna, klarinet, saxofon, trubka, tenor\u00a0<\/strong>a<strong>\u00a0tuba.<\/strong><\/p>\n<p>Velk\u00fd d\u016fraz klademe na \u00fazkou spolupr\u00e1ci rodi\u010d\u016f a absolvent\u016f, d\u016fkazem toho je zapsan\u00fd spolek <strong>Um\u011bn\u00ed, rodi\u010de a podpora ZU\u0160 Zdounky<\/strong> podporuj\u00edc\u00ed na\u0161e aktivity. Tradi\u010dn\u00edm a dlouhodob\u00fdm projektem je po\u0159ad <strong>Hraje cel\u00e1 rodina<\/strong>, ve kter\u00e9m ji\u017e od roku 1977 v t\u0159\u00edlet\u00fdch cyklech vystupuj\u00ed \u017e\u00e1ci \u0161koly se sv\u00fdmi p\u0159\u00edbuzn\u00fdmi. 17. ro\u010dn\u00edk prob\u011bhne v roce 2025 &#8211; rok pot\u00e9, co si \u0161kola p\u0159ipomn\u011bla 50. v\u00fdro\u010d\u00ed sv\u00e9ho zalo\u017een\u00ed. D\u00e1le pravideln\u011b p\u0159ipravujeme t\u0159\u00eddn\u00ed a \u0161koln\u00ed bes\u00eddky, r\u016fzn\u00e9 koncerty pro ve\u0159ejnost, tematick\u00e9 v\u00fdchovn\u00e9 programy pro d\u011bti M\u0160 a Z\u0160, v\u00fdstavy a dal\u0161\u00ed akce. Zapojeni jsme rovn\u011b\u017e do celost\u00e1tn\u00edho happeningu <strong><a href=\"https:\/\/www.zusopen.cz\/\" target=\"_blank\" rel=\"noopener\">ZU\u0160 Open<\/a><\/strong>.<\/p>\n\n\t\t<\/div>\n\t<\/div>\n<\/div><\/div><\/div><\/div>\n<\/section>","protected":false},"excerpt":{"rendered":"Informace o \u0161kole Z\u00e1kladn\u00ed um\u011bleck\u00e1 \u0161kola Zdounky se nach\u00e1z\u00ed v\u00a0obci 10 km ji\u017en\u011b od Krom\u011b\u0159\u00ed\u017ee, jej\u00edm z\u0159izovatelem je Zl\u00ednsk\u00fd kraj. Historie sah\u00e1 a\u017e do roku 1964, kdy ve Zdounk\u00e1ch vznikl&hellip;","protected":false},"author":1,"featured_media":0,"parent":0,"menu_order":0,"comment_status":"closed","ping_status":"closed","template":"","meta":{"footnotes":"","_links_to":"","_links_to_target":""},"class_list":["post-2709","page","type-page","status-publish","hentry"],"yoast_head":"<!-- This site is optimized with the Yoast SEO plugin v25.8 - https:\/\/yoast.com\/wordpress\/plugins\/seo\/ -->\n<title>Z\u00e1kladn\u00ed um\u011bleck\u00e1 \u0161kola Zdounky - Informace o \u0161kole<\/title>\n<meta name=\"description\" content=\"\u0160kola rodinn\u00e9ho typu \u2013 nejmen\u0161\u00ed um\u011bleck\u00e1 \u0161kola na Krom\u011b\u0159\u00ed\u017esku s dv\u011bma obory (hudebn\u00ed a v\u00fdtvarn\u00fd), dv\u011bma m\u00edsty vzd\u011bl\u00e1v\u00e1n\u00ed (Zdounky, Kory\u010dany) a nab\u00eddkou studia hry z tuctu r\u016fzn\u00fdch hudebn\u00edch n\u00e1stroj\u016f. Spole\u010dn\u011b se ZU\u0160lecht\u00edme!\" \/>\n<meta name=\"robots\" content=\"index, follow, max-snippet:-1, max-image-preview:large, max-video-preview:-1\" \/>\n<link rel=\"canonical\" href=\"https:\/\/zuszdounky.cz\/en\/informace-o-skole\/\" \/>\n<meta property=\"og:locale\" content=\"en_GB\" \/>\n<meta property=\"og:type\" content=\"article\" \/>\n<meta property=\"og:title\" content=\"Z\u00e1kladn\u00ed um\u011bleck\u00e1 \u0161kola Zdounky\" \/>\n<meta property=\"og:description\" content=\"\u0160kola rodinn\u00e9ho typu \u2013 nejmen\u0161\u00ed um\u011bleck\u00e1 \u0161kola na Krom\u011b\u0159\u00ed\u017esku s dv\u011bma obory (hudebn\u00ed a v\u00fdtvarn\u00fd), dv\u011bma m\u00edsty vzd\u011bl\u00e1v\u00e1n\u00ed (Zdounky, Kory\u010dany) a nab\u00eddkou studia hry z tuctu r\u016fzn\u00fdch hudebn\u00edch n\u00e1stroj\u016f. Spole\u010dn\u011b se ZU\u0160lecht\u00edme!\" \/>\n<meta property=\"og:url\" content=\"https:\/\/zuszdounky.cz\/en\/informace-o-skole\/\" \/>\n<meta property=\"og:site_name\" content=\"Z\u00e1kladn\u00ed um\u011bleck\u00e1 \u0161kola Zdounky\" \/>\n<meta property=\"article:publisher\" content=\"https:\/\/www.facebook.com\/zuszdounky\" \/>\n<meta property=\"article:modified_time\" content=\"2025-08-27T14:19:27+00:00\" \/>\n<meta property=\"og:image\" content=\"https:\/\/zuszdounky.cz\/wp-content\/uploads\/2023\/08\/budova.jpg\" \/>\n\t<meta property=\"og:image:width\" content=\"1604\" \/>\n\t<meta property=\"og:image:height\" content=\"1070\" \/>\n\t<meta property=\"og:image:type\" content=\"image\/jpeg\" \/>\n<meta name=\"twitter:card\" content=\"summary_large_image\" \/>\n<meta name=\"twitter:label1\" content=\"Estimated reading time\" \/>\n\t<meta name=\"twitter:data1\" content=\"2 minutes\" \/>\n<script type=\"application\/ld+json\" class=\"yoast-schema-graph\">{\"@context\":\"https:\/\/schema.org\",\"@graph\":[{\"@type\":\"WebPage\",\"@id\":\"https:\/\/zuszdounky.cz\/informace-o-skole\/\",\"url\":\"https:\/\/zuszdounky.cz\/informace-o-skole\/\",\"name\":\"Z\u00e1kladn\u00ed um\u011bleck\u00e1 \u0161kola Zdounky - Informace o \u0161kole\",\"isPartOf\":{\"@id\":\"https:\/\/zuszdounky.cz\/#website\"},\"datePublished\":\"2023-07-31T23:56:00+00:00\",\"dateModified\":\"2025-08-27T14:19:27+00:00\",\"description\":\"\u0160kola rodinn\u00e9ho typu \u2013 nejmen\u0161\u00ed um\u011bleck\u00e1 \u0161kola na Krom\u011b\u0159\u00ed\u017esku s dv\u011bma obory (hudebn\u00ed a v\u00fdtvarn\u00fd), dv\u011bma m\u00edsty vzd\u011bl\u00e1v\u00e1n\u00ed (Zdounky, Kory\u010dany) a nab\u00eddkou studia hry z tuctu r\u016fzn\u00fdch hudebn\u00edch n\u00e1stroj\u016f. Spole\u010dn\u011b se ZU\u0160lecht\u00edme!\",\"breadcrumb\":{\"@id\":\"https:\/\/zuszdounky.cz\/informace-o-skole\/#breadcrumb\"},\"inLanguage\":\"en-GB\",\"potentialAction\":[{\"@type\":\"ReadAction\",\"target\":[\"https:\/\/zuszdounky.cz\/informace-o-skole\/\"]}]},{\"@type\":\"BreadcrumbList\",\"@id\":\"https:\/\/zuszdounky.cz\/informace-o-skole\/#breadcrumb\",\"itemListElement\":[{\"@type\":\"ListItem\",\"position\":1,\"name\":\"Dom\u016f\",\"item\":\"https:\/\/zuszdounky.cz\/\"},{\"@type\":\"ListItem\",\"position\":2,\"name\":\"Informace o \u0161kole\"}]},{\"@type\":\"WebSite\",\"@id\":\"https:\/\/zuszdounky.cz\/#website\",\"url\":\"https:\/\/zuszdounky.cz\/\",\"name\":\"Z\u00e1kladn\u00ed um\u011bleck\u00e1 \u0161kola Zdounky\",\"description\":\"Spole\u010dn\u011b se ZU\u0160lecht\u00edme!\",\"publisher\":{\"@id\":\"https:\/\/zuszdounky.cz\/#organization\"},\"potentialAction\":[{\"@type\":\"SearchAction\",\"target\":{\"@type\":\"EntryPoint\",\"urlTemplate\":\"https:\/\/zuszdounky.cz\/?s={search_term_string}\"},\"query-input\":{\"@type\":\"PropertyValueSpecification\",\"valueRequired\":true,\"valueName\":\"search_term_string\"}}],\"inLanguage\":\"en-GB\"},{\"@type\":\"Organization\",\"@id\":\"https:\/\/zuszdounky.cz\/#organization\",\"name\":\"Z\u00e1kladn\u00ed um\u011bleck\u00e1 \u0161kola Zdounky\",\"url\":\"https:\/\/zuszdounky.cz\/\",\"logo\":{\"@type\":\"ImageObject\",\"inLanguage\":\"en-GB\",\"@id\":\"https:\/\/zuszdounky.cz\/#\/schema\/logo\/image\/\",\"url\":\"https:\/\/zuszdounky.cz\/wp-content\/uploads\/2023\/07\/cropped-ZUS_ZDOUNKY-e1689246716149.png\",\"contentUrl\":\"https:\/\/zuszdounky.cz\/wp-content\/uploads\/2023\/07\/cropped-ZUS_ZDOUNKY-e1689246716149.png\",\"width\":249,\"height\":227,\"caption\":\"Z\u00e1kladn\u00ed um\u011bleck\u00e1 \u0161kola Zdounky\"},\"image\":{\"@id\":\"https:\/\/zuszdounky.cz\/#\/schema\/logo\/image\/\"},\"sameAs\":[\"https:\/\/www.facebook.com\/zuszdounky\"]}]}<\/script>\n<!-- \/ Yoast SEO plugin. -->","yoast_head_json":{"title":"Z\u00e1kladn\u00ed um\u011bleck\u00e1 \u0161kola Zdounky - Informace o \u0161kole","description":"\u0160kola rodinn\u00e9ho typu \u2013 nejmen\u0161\u00ed um\u011bleck\u00e1 \u0161kola na Krom\u011b\u0159\u00ed\u017esku s dv\u011bma obory (hudebn\u00ed a v\u00fdtvarn\u00fd), dv\u011bma m\u00edsty vzd\u011bl\u00e1v\u00e1n\u00ed (Zdounky, Kory\u010dany) a nab\u00eddkou studia hry z tuctu r\u016fzn\u00fdch hudebn\u00edch n\u00e1stroj\u016f. Spole\u010dn\u011b se ZU\u0160lecht\u00edme!","robots":{"index":"index","follow":"follow","max-snippet":"max-snippet:-1","max-image-preview":"max-image-preview:large","max-video-preview":"max-video-preview:-1"},"canonical":"https:\/\/zuszdounky.cz\/en\/informace-o-skole\/","og_locale":"en_GB","og_type":"article","og_title":"Z\u00e1kladn\u00ed um\u011bleck\u00e1 \u0161kola Zdounky","og_description":"\u0160kola rodinn\u00e9ho typu \u2013 nejmen\u0161\u00ed um\u011bleck\u00e1 \u0161kola na Krom\u011b\u0159\u00ed\u017esku s dv\u011bma obory (hudebn\u00ed a v\u00fdtvarn\u00fd), dv\u011bma m\u00edsty vzd\u011bl\u00e1v\u00e1n\u00ed (Zdounky, Kory\u010dany) a nab\u00eddkou studia hry z tuctu r\u016fzn\u00fdch hudebn\u00edch n\u00e1stroj\u016f. Spole\u010dn\u011b se ZU\u0160lecht\u00edme!","og_url":"https:\/\/zuszdounky.cz\/en\/informace-o-skole\/","og_site_name":"Z\u00e1kladn\u00ed um\u011bleck\u00e1 \u0161kola Zdounky","article_publisher":"https:\/\/www.facebook.com\/zuszdounky","article_modified_time":"2025-08-27T14:19:27+00:00","og_image":[{"width":1604,"height":1070,"url":"https:\/\/zuszdounky.cz\/wp-content\/uploads\/2023\/08\/budova.jpg","type":"image\/jpeg"}],"twitter_card":"summary_large_image","twitter_misc":{"Estimated reading time":"2 minutes"},"schema":{"@context":"https:\/\/schema.org","@graph":[{"@type":"WebPage","@id":"https:\/\/zuszdounky.cz\/informace-o-skole\/","url":"https:\/\/zuszdounky.cz\/informace-o-skole\/","name":"Z\u00e1kladn\u00ed um\u011bleck\u00e1 \u0161kola Zdounky - Informace o \u0161kole","isPartOf":{"@id":"https:\/\/zuszdounky.cz\/#website"},"datePublished":"2023-07-31T23:56:00+00:00","dateModified":"2025-08-27T14:19:27+00:00","description":"\u0160kola rodinn\u00e9ho typu \u2013 nejmen\u0161\u00ed um\u011bleck\u00e1 \u0161kola na Krom\u011b\u0159\u00ed\u017esku s dv\u011bma obory (hudebn\u00ed a v\u00fdtvarn\u00fd), dv\u011bma m\u00edsty vzd\u011bl\u00e1v\u00e1n\u00ed (Zdounky, Kory\u010dany) a nab\u00eddkou studia hry z tuctu r\u016fzn\u00fdch hudebn\u00edch n\u00e1stroj\u016f. Spole\u010dn\u011b se ZU\u0160lecht\u00edme!","breadcrumb":{"@id":"https:\/\/zuszdounky.cz\/informace-o-skole\/#breadcrumb"},"inLanguage":"en-GB","potentialAction":[{"@type":"ReadAction","target":["https:\/\/zuszdounky.cz\/informace-o-skole\/"]}]},{"@type":"BreadcrumbList","@id":"https:\/\/zuszdounky.cz\/informace-o-skole\/#breadcrumb","itemListElement":[{"@type":"ListItem","position":1,"name":"Dom\u016f","item":"https:\/\/zuszdounky.cz\/"},{"@type":"ListItem","position":2,"name":"Informace o \u0161kole"}]},{"@type":"WebSite","@id":"https:\/\/zuszdounky.cz\/#website","url":"https:\/\/zuszdounky.cz\/","name":"Z\u00e1kladn\u00ed um\u011bleck\u00e1 \u0161kola Zdounky","description":"Spole\u010dn\u011b se ZU\u0160lecht\u00edme!","publisher":{"@id":"https:\/\/zuszdounky.cz\/#organization"},"potentialAction":[{"@type":"SearchAction","target":{"@type":"EntryPoint","urlTemplate":"https:\/\/zuszdounky.cz\/?s={search_term_string}"},"query-input":{"@type":"PropertyValueSpecification","valueRequired":true,"valueName":"search_term_string"}}],"inLanguage":"en-GB"},{"@type":"Organization","@id":"https:\/\/zuszdounky.cz\/#organization","name":"Z\u00e1kladn\u00ed um\u011bleck\u00e1 \u0161kola Zdounky","url":"https:\/\/zuszdounky.cz\/","logo":{"@type":"ImageObject","inLanguage":"en-GB","@id":"https:\/\/zuszdounky.cz\/#\/schema\/logo\/image\/","url":"https:\/\/zuszdounky.cz\/wp-content\/uploads\/2023\/07\/cropped-ZUS_ZDOUNKY-e1689246716149.png","contentUrl":"https:\/\/zuszdounky.cz\/wp-content\/uploads\/2023\/07\/cropped-ZUS_ZDOUNKY-e1689246716149.png","width":249,"height":227,"caption":"Z\u00e1kladn\u00ed um\u011bleck\u00e1 \u0161kola Zdounky"},"image":{"@id":"https:\/\/zuszdounky.cz\/#\/schema\/logo\/image\/"},"sameAs":["https:\/\/www.facebook.com\/zuszdounky"]}]}},"_links":{"self":[{"href":"https:\/\/zuszdounky.cz\/en\/wp-json\/wp\/v2\/pages\/2709","targetHints":{"allow":["GET"]}}],"collection":[{"href":"https:\/\/zuszdounky.cz\/en\/wp-json\/wp\/v2\/pages"}],"about":[{"href":"https:\/\/zuszdounky.cz\/en\/wp-json\/wp\/v2\/types\/page"}],"author":[{"embeddable":true,"href":"https:\/\/zuszdounky.cz\/en\/wp-json\/wp\/v2\/users\/1"}],"replies":[{"embeddable":true,"href":"https:\/\/zuszdounky.cz\/en\/wp-json\/wp\/v2\/comments?post=2709"}],"version-history":[{"count":8,"href":"https:\/\/zuszdounky.cz\/en\/wp-json\/wp\/v2\/pages\/2709\/revisions"}],"predecessor-version":[{"id":3223,"href":"https:\/\/zuszdounky.cz\/en\/wp-json\/wp\/v2\/pages\/2709\/revisions\/3223"}],"wp:attachment":[{"href":"https:\/\/zuszdounky.cz\/en\/wp-json\/wp\/v2\/media?parent=2709"}],"curies":[{"name":"wp","href":"https:\/\/api.w.org\/{rel}","templated":true}]}}