{"id":2720,"date":"2023-08-01T00:03:52","date_gmt":"2023-08-01T00:03:52","guid":{"rendered":"https:\/\/zuszdounky.cz\/?page_id=2720"},"modified":"2023-08-08T21:53:09","modified_gmt":"2023-08-08T21:53:09","slug":"hudebni-obor","status":"publish","type":"page","link":"https:\/\/zuszdounky.cz\/en\/hudebni-obor\/","title":{"rendered":"Hudebn\u00ed obor"},"content":{"rendered":"<section class=\"wpb-content-wrapper\"><div class=\"vc_row wpb_row vc_row-fluid vc_custom_1690847570200\"><div class=\"wpb_column vc_column_container vc_col-sm-12 sc_layouts_column_icons_position_left\"><div class=\"vc_column-inner\"><div class=\"wpb_wrapper\">\n\t<div class=\"wpb_text_column wpb_content_element\" >\n\t\t<div class=\"wpb_wrapper\">\n\t\t\t<h2>Hudebn\u00ed obor<\/h2>\n<p>Vzd\u011bl\u00e1v\u00e1n\u00ed v\u00a0ZU\u0160 je rozd\u011bleno na n\u011bkolik druh\u016f studia \u2013\u00a0<strong>p\u0159\u00edpravn\u00e9 studium<\/strong>\u00a0(1\u20132 roky) pro d\u011bti od 5let,\u00a0<strong>z\u00e1kladn\u00ed studium I. stupn\u011b<\/strong>\u00a0(celkem 7 let) pro d\u011bti od 7 let a\u00a0<strong>z\u00e1kladn\u00ed studium II. stupn\u011b<\/strong>\u00a0(celkem 4 roky) pro d\u011bti od 14let. \u017d\u00e1ci si mohou po absolvov\u00e1n\u00ed\u00a0<strong>P\u0159\u00edpravn\u00e9 hudebn\u00ed v\u00fdchovy<\/strong>\u00a0vybrat jedno z dvan\u00e1cti studijn\u00edch zam\u011b\u0159en\u00ed:<\/p>\n\n\t\t<\/div>\n\t<\/div>\n<div class=\"vc_empty_space  sc_height_medium\"   style=\"height: 20px\"><span class=\"vc_empty_space_inner\"><\/span><\/div>\n\t<div class=\"wpb_text_column wpb_content_element\" >\n\t\t<div class=\"wpb_wrapper\">\n\t\t\t<ul>\n<li><strong>Hra na klav\u00edr<br \/>\n<\/strong><\/li>\n<li><strong>Hra na housle<br \/>\n<\/strong><\/li>\n<li><strong>Hra na kytaru<br \/>\n<\/strong><\/li>\n<li><strong>Hra na akordeon<br \/>\n<\/strong><\/li>\n<li><strong>Hra na elektronick\u00e9 kl\u00e1vesov\u00e9 n\u00e1stroje<br \/>\n<\/strong><\/li>\n<li><strong>Hra na varhany<br \/>\n<\/strong><\/li>\n<li><strong>Hra na zobcovou fl\u00e9tnu<br \/>\n<\/strong><\/li>\n<li><strong>Hra na klarinet<br \/>\n<\/strong><\/li>\n<li><strong>Hra na saxofon<br \/>\n<\/strong><\/li>\n<li><strong>Hra na trubku<br \/>\n<\/strong><\/li>\n<li><strong>Hra na tenor<br \/>\n<\/strong><\/li>\n<li><strong>Hra na tubu<\/strong><\/li>\n<\/ul>\n\n\t\t<\/div>\n\t<\/div>\n<div class=\"vc_empty_space  sc_height_medium\"   style=\"height: 20px\"><span class=\"vc_empty_space_inner\"><\/span><\/div>\n\t<div class=\"wpb_text_column wpb_content_element\" >\n\t\t<div class=\"wpb_wrapper\">\n\t\t\t<p>Sou\u010d\u00e1st\u00ed jednotliv\u00fdch u\u010debn\u00edch pl\u00e1n\u016f je povinn\u00fd kolektivn\u00ed p\u0159edm\u011bt\u00a0<strong>Hudebn\u00ed nauka<\/strong>, kter\u00fd navazuje na element\u00e1rn\u00ed znalosti z\u00edskan\u00e9 v P\u0159\u00edpravn\u00e9 hudebn\u00ed v\u00fdchov\u011b. P\u0159edm\u011bt s\u00a0dotac\u00ed 1 vyu\u010dovac\u00ed hodina t\u00fddn\u011b je\u00a0ur\u010den \u017e\u00e1k\u016fm od 1. do 5. ro\u010dn\u00edku a ti zde z\u00edsk\u00e1vaj\u00ed nezbytn\u00e9 znalosti a dovednosti ve v\u0161ech hudebn\u00edch \u010dinnostech, kter\u00e9 n\u00e1sledn\u011b uplat\u0148uj\u00ed p\u0159i h\u0159e na hudebn\u00ed n\u00e1stroj. Sou\u010d\u00e1st\u00ed jsou i p\u011bveck\u00e1 \u010di hudebn\u011b dramatick\u00e1 vystoupen\u00ed pro ve\u0159ejnost.<\/p>\n<p>Od 4. ro\u010dn\u00edku a\u017e do konce studia 2. stupn\u011b (dohromady 8 let) \u017e\u00e1ci nav\u0161t\u011bvuj\u00ed p\u0159edm\u011bt <strong>Komorn\u00ed hra<\/strong>, kter\u00fd je vyu\u010dov\u00e1n ve skupin\u011b maxim\u00e1ln\u011b dev\u00edti \u017e\u00e1k\u016f. Jedn\u00e1 se o p\u0159\u00edpravu k\u00a0souh\u0159e dvou a v\u00edce n\u00e1stroj\u016f \u2013 nap\u0159. \u010dty\u0159ru\u010dn\u00ed hra na klav\u00edr nebo r\u016fzn\u00e1 t\u011blesa: houslov\u00fd, kytarov\u00fd a akordeonov\u00fd soubor, soubor dechov\u00fdch n\u00e1stroj\u016f (fl\u00e9tny, d\u0159eva, \u017eest\u011b). \u00a0Z\u00a0t\u011bchto t\u011bles nejv\u00edce \u0161kolu v\u00a0jej\u00ed historii reprezentoval Ml\u00e1de\u017enick\u00fd dechov\u00fd orchestr, kter\u00fd dos\u00e1hl pod t\u00e9m\u011b\u0159 dvacetilet\u00fdm veden\u00edm u\u010ditele a pozd\u011bji i \u0159editele \u0161koly Miroslava Nau\u010de n\u011bkolika v\u00fdznamn\u00fdch \u00fasp\u011bch\u016f a \u00fazce spolupracoval na z\u00e1kladn\u011b budouc\u00edch muzikant\u016f dechov\u00e9 hudby Zdoune\u010danka.<\/p>\n<p>\u017d\u00e1ci v pr\u016fb\u011bhu sv\u00e9ho studia vystupuj\u00ed na t\u0159\u00eddn\u00edch a \u0161koln\u00edch bes\u00eddk\u00e1ch, v\u00e1no\u010dn\u00edch, jarn\u00edch a v\u00fdchovn\u00fdch koncertech, na akc\u00edch pro seniory a na\u0161e partnery jak na Zdounecku, tak Kory\u010dansku. Ka\u017ed\u00fd ro\u010dn\u00edk, vyjma z\u00e1v\u011bre\u010dn\u00e9ho, je zakon\u010den komision\u00e1ln\u00ed\u00a0<strong>postupovou zkou\u0161kou<\/strong>, p\u0159i kter\u00e9 prokazuj\u00ed sv\u016fj pokrok a dovednosti. Studium I. i II. stupn\u011b kon\u010d\u00ed v\u011bt\u0161inou ve\u0159ejn\u00fdm\u00a0<strong>absolventsk\u00fdm koncertem<\/strong>.<\/p>\n<p>Dal\u0161\u00ed informace o konkr\u00e9tn\u00edch studijn\u00edch zam\u011b\u0159en\u00edch, u\u010debn\u00edch pl\u00e1nech, p\u0159edm\u011btech a organizaci v\u00fduky najdete v na\u0161em \u0161koln\u00edm vzd\u011bl\u00e1vac\u00edm programu s motiva\u010dn\u00edm n\u00e1zvem\u00a0<em>Spole\u010dn\u011b se ZU\u0160lecht\u00edme<\/em>.<\/p>\n\n\t\t<\/div>\n\t<\/div>\n<\/div><\/div><\/div><\/div>\n<\/section>","protected":false},"excerpt":{"rendered":"Hudebn\u00ed obor Vzd\u011bl\u00e1v\u00e1n\u00ed v\u00a0ZU\u0160 je rozd\u011bleno na n\u011bkolik druh\u016f studia \u2013\u00a0p\u0159\u00edpravn\u00e9 studium\u00a0(1\u20132 roky) pro d\u011bti od 5let,\u00a0z\u00e1kladn\u00ed studium I. stupn\u011b\u00a0(celkem 7 let) pro d\u011bti od 7 let a\u00a0z\u00e1kladn\u00ed studium II.&hellip;","protected":false},"author":1,"featured_media":0,"parent":0,"menu_order":0,"comment_status":"closed","ping_status":"closed","template":"","meta":{"footnotes":"","_links_to":"","_links_to_target":""},"class_list":["post-2720","page","type-page","status-publish","hentry"],"yoast_head":"<!-- This site is optimized with the Yoast SEO plugin v27.4 - https:\/\/yoast.com\/product\/yoast-seo-wordpress\/ -->\n<title>Z\u00e1kladn\u00ed um\u011bleck\u00e1 \u0161kola Zdounky - Hudebn\u00ed obor<\/title>\n<meta name=\"description\" content=\"\u0160kola rodinn\u00e9ho typu \u2013 nejmen\u0161\u00ed um\u011bleck\u00e1 \u0161kola na Krom\u011b\u0159\u00ed\u017esku s dv\u011bma obory (hudebn\u00ed a v\u00fdtvarn\u00fd), dv\u011bma m\u00edsty vzd\u011bl\u00e1v\u00e1n\u00ed (Zdounky, Kory\u010dany) a nab\u00eddkou studia hry z tuctu r\u016fzn\u00fdch hudebn\u00edch n\u00e1stroj\u016f. Spole\u010dn\u011b se ZU\u0160lecht\u00edme!\" \/>\n<meta name=\"robots\" content=\"index, follow, max-snippet:-1, max-image-preview:large, max-video-preview:-1\" \/>\n<link rel=\"canonical\" href=\"https:\/\/zuszdounky.cz\/en\/hudebni-obor\/\" \/>\n<meta property=\"og:locale\" content=\"en_GB\" \/>\n<meta property=\"og:type\" content=\"article\" \/>\n<meta property=\"og:title\" content=\"Z\u00e1kladn\u00ed um\u011bleck\u00e1 \u0161kola Zdounky\" \/>\n<meta property=\"og:description\" content=\"\u0160kola rodinn\u00e9ho typu \u2013 nejmen\u0161\u00ed um\u011bleck\u00e1 \u0161kola na Krom\u011b\u0159\u00ed\u017esku s dv\u011bma obory (hudebn\u00ed a v\u00fdtvarn\u00fd), dv\u011bma m\u00edsty vzd\u011bl\u00e1v\u00e1n\u00ed (Zdounky, Kory\u010dany) a nab\u00eddkou studia hry z tuctu r\u016fzn\u00fdch hudebn\u00edch n\u00e1stroj\u016f. Spole\u010dn\u011b se ZU\u0160lecht\u00edme!\" \/>\n<meta property=\"og:url\" content=\"https:\/\/zuszdounky.cz\/en\/hudebni-obor\/\" \/>\n<meta property=\"og:site_name\" content=\"Z\u00e1kladn\u00ed um\u011bleck\u00e1 \u0161kola Zdounky\" \/>\n<meta property=\"article:publisher\" content=\"https:\/\/www.facebook.com\/zuszdounky\" \/>\n<meta property=\"article:modified_time\" content=\"2023-08-08T21:53:09+00:00\" \/>\n<meta property=\"og:image\" content=\"https:\/\/zuszdounky.cz\/wp-content\/uploads\/2023\/08\/budova.jpg\" \/>\n\t<meta property=\"og:image:width\" content=\"1604\" \/>\n\t<meta property=\"og:image:height\" content=\"1070\" \/>\n\t<meta property=\"og:image:type\" content=\"image\/jpeg\" \/>\n<meta name=\"twitter:card\" content=\"summary_large_image\" \/>\n<meta name=\"twitter:label1\" content=\"Estimated reading time\" \/>\n\t<meta name=\"twitter:data1\" content=\"2 minutes\" \/>\n<script type=\"application\/ld+json\" class=\"yoast-schema-graph\">{\"@context\":\"https:\\\/\\\/schema.org\",\"@graph\":[{\"@type\":\"WebPage\",\"@id\":\"https:\\\/\\\/zuszdounky.cz\\\/hudebni-obor\\\/\",\"url\":\"https:\\\/\\\/zuszdounky.cz\\\/hudebni-obor\\\/\",\"name\":\"Z\u00e1kladn\u00ed um\u011bleck\u00e1 \u0161kola Zdounky - Hudebn\u00ed obor\",\"isPartOf\":{\"@id\":\"https:\\\/\\\/zuszdounky.cz\\\/#website\"},\"datePublished\":\"2023-08-01T00:03:52+00:00\",\"dateModified\":\"2023-08-08T21:53:09+00:00\",\"description\":\"\u0160kola rodinn\u00e9ho typu \u2013 nejmen\u0161\u00ed um\u011bleck\u00e1 \u0161kola na Krom\u011b\u0159\u00ed\u017esku s dv\u011bma obory (hudebn\u00ed a v\u00fdtvarn\u00fd), dv\u011bma m\u00edsty vzd\u011bl\u00e1v\u00e1n\u00ed (Zdounky, Kory\u010dany) a nab\u00eddkou studia hry z tuctu r\u016fzn\u00fdch hudebn\u00edch n\u00e1stroj\u016f. Spole\u010dn\u011b se ZU\u0160lecht\u00edme!\",\"breadcrumb\":{\"@id\":\"https:\\\/\\\/zuszdounky.cz\\\/hudebni-obor\\\/#breadcrumb\"},\"inLanguage\":\"en-GB\",\"potentialAction\":[{\"@type\":\"ReadAction\",\"target\":[\"https:\\\/\\\/zuszdounky.cz\\\/hudebni-obor\\\/\"]}]},{\"@type\":\"BreadcrumbList\",\"@id\":\"https:\\\/\\\/zuszdounky.cz\\\/hudebni-obor\\\/#breadcrumb\",\"itemListElement\":[{\"@type\":\"ListItem\",\"position\":1,\"name\":\"Dom\u016f\",\"item\":\"https:\\\/\\\/zuszdounky.cz\\\/\"},{\"@type\":\"ListItem\",\"position\":2,\"name\":\"Hudebn\u00ed obor\"}]},{\"@type\":\"WebSite\",\"@id\":\"https:\\\/\\\/zuszdounky.cz\\\/#website\",\"url\":\"https:\\\/\\\/zuszdounky.cz\\\/\",\"name\":\"Z\u00e1kladn\u00ed um\u011bleck\u00e1 \u0161kola Zdounky\",\"description\":\"Spole\u010dn\u011b se ZU\u0160lecht\u00edme!\",\"publisher\":{\"@id\":\"https:\\\/\\\/zuszdounky.cz\\\/#organization\"},\"potentialAction\":[{\"@type\":\"SearchAction\",\"target\":{\"@type\":\"EntryPoint\",\"urlTemplate\":\"https:\\\/\\\/zuszdounky.cz\\\/?s={search_term_string}\"},\"query-input\":{\"@type\":\"PropertyValueSpecification\",\"valueRequired\":true,\"valueName\":\"search_term_string\"}}],\"inLanguage\":\"en-GB\"},{\"@type\":\"Organization\",\"@id\":\"https:\\\/\\\/zuszdounky.cz\\\/#organization\",\"name\":\"Z\u00e1kladn\u00ed um\u011bleck\u00e1 \u0161kola Zdounky\",\"url\":\"https:\\\/\\\/zuszdounky.cz\\\/\",\"logo\":{\"@type\":\"ImageObject\",\"inLanguage\":\"en-GB\",\"@id\":\"https:\\\/\\\/zuszdounky.cz\\\/#\\\/schema\\\/logo\\\/image\\\/\",\"url\":\"https:\\\/\\\/zuszdounky.cz\\\/wp-content\\\/uploads\\\/2023\\\/07\\\/cropped-ZUS_ZDOUNKY-e1689246716149.png\",\"contentUrl\":\"https:\\\/\\\/zuszdounky.cz\\\/wp-content\\\/uploads\\\/2023\\\/07\\\/cropped-ZUS_ZDOUNKY-e1689246716149.png\",\"width\":249,\"height\":227,\"caption\":\"Z\u00e1kladn\u00ed um\u011bleck\u00e1 \u0161kola Zdounky\"},\"image\":{\"@id\":\"https:\\\/\\\/zuszdounky.cz\\\/#\\\/schema\\\/logo\\\/image\\\/\"},\"sameAs\":[\"https:\\\/\\\/www.facebook.com\\\/zuszdounky\"]}]}<\/script>\n<!-- \/ Yoast SEO plugin. -->","yoast_head_json":{"title":"Z\u00e1kladn\u00ed um\u011bleck\u00e1 \u0161kola Zdounky - Hudebn\u00ed obor","description":"\u0160kola rodinn\u00e9ho typu \u2013 nejmen\u0161\u00ed um\u011bleck\u00e1 \u0161kola na Krom\u011b\u0159\u00ed\u017esku s dv\u011bma obory (hudebn\u00ed a v\u00fdtvarn\u00fd), dv\u011bma m\u00edsty vzd\u011bl\u00e1v\u00e1n\u00ed (Zdounky, Kory\u010dany) a nab\u00eddkou studia hry z tuctu r\u016fzn\u00fdch hudebn\u00edch n\u00e1stroj\u016f. Spole\u010dn\u011b se ZU\u0160lecht\u00edme!","robots":{"index":"index","follow":"follow","max-snippet":"max-snippet:-1","max-image-preview":"max-image-preview:large","max-video-preview":"max-video-preview:-1"},"canonical":"https:\/\/zuszdounky.cz\/en\/hudebni-obor\/","og_locale":"en_GB","og_type":"article","og_title":"Z\u00e1kladn\u00ed um\u011bleck\u00e1 \u0161kola Zdounky","og_description":"\u0160kola rodinn\u00e9ho typu \u2013 nejmen\u0161\u00ed um\u011bleck\u00e1 \u0161kola na Krom\u011b\u0159\u00ed\u017esku s dv\u011bma obory (hudebn\u00ed a v\u00fdtvarn\u00fd), dv\u011bma m\u00edsty vzd\u011bl\u00e1v\u00e1n\u00ed (Zdounky, Kory\u010dany) a nab\u00eddkou studia hry z tuctu r\u016fzn\u00fdch hudebn\u00edch n\u00e1stroj\u016f. Spole\u010dn\u011b se ZU\u0160lecht\u00edme!","og_url":"https:\/\/zuszdounky.cz\/en\/hudebni-obor\/","og_site_name":"Z\u00e1kladn\u00ed um\u011bleck\u00e1 \u0161kola Zdounky","article_publisher":"https:\/\/www.facebook.com\/zuszdounky","article_modified_time":"2023-08-08T21:53:09+00:00","og_image":[{"width":1604,"height":1070,"url":"https:\/\/zuszdounky.cz\/wp-content\/uploads\/2023\/08\/budova.jpg","type":"image\/jpeg"}],"twitter_card":"summary_large_image","twitter_misc":{"Estimated reading time":"2 minutes"},"schema":{"@context":"https:\/\/schema.org","@graph":[{"@type":"WebPage","@id":"https:\/\/zuszdounky.cz\/hudebni-obor\/","url":"https:\/\/zuszdounky.cz\/hudebni-obor\/","name":"Z\u00e1kladn\u00ed um\u011bleck\u00e1 \u0161kola Zdounky - Hudebn\u00ed obor","isPartOf":{"@id":"https:\/\/zuszdounky.cz\/#website"},"datePublished":"2023-08-01T00:03:52+00:00","dateModified":"2023-08-08T21:53:09+00:00","description":"\u0160kola rodinn\u00e9ho typu \u2013 nejmen\u0161\u00ed um\u011bleck\u00e1 \u0161kola na Krom\u011b\u0159\u00ed\u017esku s dv\u011bma obory (hudebn\u00ed a v\u00fdtvarn\u00fd), dv\u011bma m\u00edsty vzd\u011bl\u00e1v\u00e1n\u00ed (Zdounky, Kory\u010dany) a nab\u00eddkou studia hry z tuctu r\u016fzn\u00fdch hudebn\u00edch n\u00e1stroj\u016f. Spole\u010dn\u011b se ZU\u0160lecht\u00edme!","breadcrumb":{"@id":"https:\/\/zuszdounky.cz\/hudebni-obor\/#breadcrumb"},"inLanguage":"en-GB","potentialAction":[{"@type":"ReadAction","target":["https:\/\/zuszdounky.cz\/hudebni-obor\/"]}]},{"@type":"BreadcrumbList","@id":"https:\/\/zuszdounky.cz\/hudebni-obor\/#breadcrumb","itemListElement":[{"@type":"ListItem","position":1,"name":"Dom\u016f","item":"https:\/\/zuszdounky.cz\/"},{"@type":"ListItem","position":2,"name":"Hudebn\u00ed obor"}]},{"@type":"WebSite","@id":"https:\/\/zuszdounky.cz\/#website","url":"https:\/\/zuszdounky.cz\/","name":"Z\u00e1kladn\u00ed um\u011bleck\u00e1 \u0161kola Zdounky","description":"Spole\u010dn\u011b se ZU\u0160lecht\u00edme!","publisher":{"@id":"https:\/\/zuszdounky.cz\/#organization"},"potentialAction":[{"@type":"SearchAction","target":{"@type":"EntryPoint","urlTemplate":"https:\/\/zuszdounky.cz\/?s={search_term_string}"},"query-input":{"@type":"PropertyValueSpecification","valueRequired":true,"valueName":"search_term_string"}}],"inLanguage":"en-GB"},{"@type":"Organization","@id":"https:\/\/zuszdounky.cz\/#organization","name":"Z\u00e1kladn\u00ed um\u011bleck\u00e1 \u0161kola Zdounky","url":"https:\/\/zuszdounky.cz\/","logo":{"@type":"ImageObject","inLanguage":"en-GB","@id":"https:\/\/zuszdounky.cz\/#\/schema\/logo\/image\/","url":"https:\/\/zuszdounky.cz\/wp-content\/uploads\/2023\/07\/cropped-ZUS_ZDOUNKY-e1689246716149.png","contentUrl":"https:\/\/zuszdounky.cz\/wp-content\/uploads\/2023\/07\/cropped-ZUS_ZDOUNKY-e1689246716149.png","width":249,"height":227,"caption":"Z\u00e1kladn\u00ed um\u011bleck\u00e1 \u0161kola Zdounky"},"image":{"@id":"https:\/\/zuszdounky.cz\/#\/schema\/logo\/image\/"},"sameAs":["https:\/\/www.facebook.com\/zuszdounky"]}]}},"_links":{"self":[{"href":"https:\/\/zuszdounky.cz\/en\/wp-json\/wp\/v2\/pages\/2720","targetHints":{"allow":["GET"]}}],"collection":[{"href":"https:\/\/zuszdounky.cz\/en\/wp-json\/wp\/v2\/pages"}],"about":[{"href":"https:\/\/zuszdounky.cz\/en\/wp-json\/wp\/v2\/types\/page"}],"author":[{"embeddable":true,"href":"https:\/\/zuszdounky.cz\/en\/wp-json\/wp\/v2\/users\/1"}],"replies":[{"embeddable":true,"href":"https:\/\/zuszdounky.cz\/en\/wp-json\/wp\/v2\/comments?post=2720"}],"version-history":[{"count":4,"href":"https:\/\/zuszdounky.cz\/en\/wp-json\/wp\/v2\/pages\/2720\/revisions"}],"predecessor-version":[{"id":2731,"href":"https:\/\/zuszdounky.cz\/en\/wp-json\/wp\/v2\/pages\/2720\/revisions\/2731"}],"wp:attachment":[{"href":"https:\/\/zuszdounky.cz\/en\/wp-json\/wp\/v2\/media?parent=2720"}],"curies":[{"name":"wp","href":"https:\/\/api.w.org\/{rel}","templated":true}]}}