{"id":2722,"date":"2023-08-01T00:04:02","date_gmt":"2023-08-01T00:04:02","guid":{"rendered":"https:\/\/zuszdounky.cz\/?page_id=2722"},"modified":"2023-08-08T21:55:20","modified_gmt":"2023-08-08T21:55:20","slug":"vytvarny-obor","status":"publish","type":"page","link":"https:\/\/zuszdounky.cz\/en\/vytvarny-obor\/","title":{"rendered":"V\u00fdtvarn\u00fd obor"},"content":{"rendered":"<section class=\"wpb-content-wrapper\"><div class=\"vc_row wpb_row vc_row-fluid vc_custom_1690847570200\"><div class=\"wpb_column vc_column_container vc_col-sm-12 sc_layouts_column_icons_position_left\"><div class=\"vc_column-inner\"><div class=\"wpb_wrapper\">\n\t<div class=\"wpb_text_column wpb_content_element\" >\n\t\t<div class=\"wpb_wrapper\">\n\t\t\t<h2>V\u00fdtvarn\u00fd obor<\/h2>\n<p>V\u00fdtvarn\u00fd obor se obrac\u00ed ke v\u0161em d\u011btem, kter\u00e9 projevuj\u00ed z\u00e1jem o v\u00fdtvarn\u00e9 vzd\u011bl\u00e1v\u00e1n\u00ed. Usiluje o to, aby \u017e\u00e1k dle sv\u00fdch schopnost\u00ed z\u00edsk\u00e1val hlub\u0161\u00ed n\u00e1hled na okoln\u00ed sv\u011bt a na sebe sama a dok\u00e1zal ho v\u00fdtvarn\u011b vyj\u00e1d\u0159it. Nadan\u00fdm \u017e\u00e1k\u016fm poskytuje p\u0159\u00edpravu k talentov\u00fdm zkou\u0161k\u00e1m na st\u0159edn\u00ed a vysok\u00e9 \u0161koly s\u00a0um\u011bleck\u00fdm zam\u011b\u0159en\u00edm.<\/p>\n\n\t\t<\/div>\n\t<\/div>\n<div class=\"vc_empty_space  sc_height_medium\"   style=\"height: 20px\"><span class=\"vc_empty_space_inner\"><\/span><\/div>\n\t<div class=\"wpb_text_column wpb_content_element\" >\n\t\t<div class=\"wpb_wrapper\">\n\t\t\t<p>V\u00fdtvarn\u00e9 my\u0161len\u00ed a c\u00edt\u011bn\u00ed doprov\u00e1z\u00ed ka\u017edou v\u00fdtvarnou aktivitu. Z\u00e1kladn\u00ed um\u011bleck\u00e1 \u0161kola podporuje odli\u0161nost jednotliv\u00fdch d\u011bt\u00ed a jejich schopnost osobit\u011b \u0159e\u0161it v\u00fdtvarn\u00fd probl\u00e9m, p\u0159\u00edpadn\u011b jej tvo\u0159iv\u011b obm\u011b\u0148ovat. Nejde jen o v\u00fdtvarn\u00e1 zad\u00e1n\u00ed, ale o p\u0159\u00edstup k \u017eivotu, v n\u011bm\u017e hraje v\u00fdznamnou roli tvo\u0159ivost, empatie a schopnost spolupracovat a vz\u00e1jemn\u011b se dorozum\u011bt.<\/p>\n<p><strong>Studium\u00a0<\/strong>je rozd\u011bleno na\u00a0<strong>p\u0159\u00edpravn\u00e9<\/strong>\u00a0(1\u20132 roky pro d\u011bti od 5let),\u00a0<strong>z\u00e1kladn\u00ed studium I. stupn\u011b\u00a0<\/strong>(7 let, pro d\u011bti od 7 let) a\u00a0<strong>z\u00e1kladn\u00ed studium II. stupn\u011b<\/strong>\u00a0(4 roky, pro d\u011bti od 14 let). Ve studijn\u00edm zam\u011b\u0159en\u00ed\u00a0<strong>V\u00fdtvarn\u00e1 tvorba\u00a0<\/strong>se v\u00a0podob\u011b t\u0159\u00edhodinov\u00e9ho bloku hromadn\u00e9 v\u00fduky prol\u00ednaj\u00ed p\u0159edm\u011bty\u00a0<strong>Plo\u0161n\u00e1 tvorba<\/strong>\u00a0a\u00a0<strong>Prostorov\u00e1\u00a0tvorba<\/strong>.<\/p>\n<p>\u017d\u00e1ci v\u00fdtvarn\u00e9ho oboru sv\u00e1 d\u00edla pravideln\u011b vystavuj\u00ed p\u0159i nejr\u016fzn\u011bj\u0161\u00edch p\u0159\u00edle\u017eitostech nejen v\u00a0prostor\u00e1ch \u0161koly, \u00fa\u010dastn\u00ed se tak\u00e9 mnoha sout\u011b\u017en\u00edch p\u0159ehl\u00eddek a projekt\u016f na region\u00e1ln\u00ed, celost\u00e1tn\u00ed i mezin\u00e1rodn\u00ed \u00farovni. Studium I. i II. stupn\u011b kon\u010d\u00ed <strong>Absolventskou v\u00fdstavou<\/strong>.<\/p>\n<p>Dal\u0161\u00ed informace o tomto studijn\u00edm zam\u011b\u0159en\u00ed, u\u010debn\u00edm pl\u00e1nu a organizaci v\u00fduky najdete v na\u0161em \u0161koln\u00edm vzd\u011bl\u00e1vac\u00edm programu s motiva\u010dn\u00edm n\u00e1zvem\u00a0<em>Spole\u010dn\u011b se ZU\u0160lecht\u00edme<\/em>.<\/p>\n\n\t\t<\/div>\n\t<\/div>\n<\/div><\/div><\/div><\/div>\n<\/section>","protected":false},"excerpt":{"rendered":"V\u00fdtvarn\u00fd obor V\u00fdtvarn\u00fd obor se obrac\u00ed ke v\u0161em d\u011btem, kter\u00e9 projevuj\u00ed z\u00e1jem o v\u00fdtvarn\u00e9 vzd\u011bl\u00e1v\u00e1n\u00ed. Usiluje o to, aby \u017e\u00e1k dle sv\u00fdch schopnost\u00ed z\u00edsk\u00e1val hlub\u0161\u00ed n\u00e1hled na okoln\u00ed sv\u011bt a&hellip;","protected":false},"author":1,"featured_media":0,"parent":0,"menu_order":0,"comment_status":"closed","ping_status":"closed","template":"","meta":{"footnotes":"","_links_to":"","_links_to_target":""},"class_list":["post-2722","page","type-page","status-publish","hentry"],"yoast_head":"<!-- This site is optimized with the Yoast SEO plugin v25.8 - https:\/\/yoast.com\/wordpress\/plugins\/seo\/ -->\n<title>Z\u00e1kladn\u00ed um\u011bleck\u00e1 \u0161kola Zdounky - V\u00fdtvarn\u00fd obor<\/title>\n<meta name=\"description\" content=\"\u0160kola rodinn\u00e9ho typu \u2013 nejmen\u0161\u00ed um\u011bleck\u00e1 \u0161kola na Krom\u011b\u0159\u00ed\u017esku s dv\u011bma obory (hudebn\u00ed a v\u00fdtvarn\u00fd), dv\u011bma m\u00edsty vzd\u011bl\u00e1v\u00e1n\u00ed (Zdounky, Kory\u010dany) a nab\u00eddkou studia hry z tuctu r\u016fzn\u00fdch hudebn\u00edch n\u00e1stroj\u016f. Spole\u010dn\u011b se ZU\u0160lecht\u00edme!\" \/>\n<meta name=\"robots\" content=\"index, follow, max-snippet:-1, max-image-preview:large, max-video-preview:-1\" \/>\n<link rel=\"canonical\" href=\"https:\/\/zuszdounky.cz\/en\/vytvarny-obor\/\" \/>\n<meta property=\"og:locale\" content=\"en_GB\" \/>\n<meta property=\"og:type\" content=\"article\" \/>\n<meta property=\"og:title\" content=\"Z\u00e1kladn\u00ed um\u011bleck\u00e1 \u0161kola Zdounky\" \/>\n<meta property=\"og:description\" content=\"\u0160kola rodinn\u00e9ho typu \u2013 nejmen\u0161\u00ed um\u011bleck\u00e1 \u0161kola na Krom\u011b\u0159\u00ed\u017esku s dv\u011bma obory (hudebn\u00ed a v\u00fdtvarn\u00fd), dv\u011bma m\u00edsty vzd\u011bl\u00e1v\u00e1n\u00ed (Zdounky, Kory\u010dany) a nab\u00eddkou studia hry z tuctu r\u016fzn\u00fdch hudebn\u00edch n\u00e1stroj\u016f. Spole\u010dn\u011b se ZU\u0160lecht\u00edme!\" \/>\n<meta property=\"og:url\" content=\"https:\/\/zuszdounky.cz\/en\/vytvarny-obor\/\" \/>\n<meta property=\"og:site_name\" content=\"Z\u00e1kladn\u00ed um\u011bleck\u00e1 \u0161kola Zdounky\" \/>\n<meta property=\"article:publisher\" content=\"https:\/\/www.facebook.com\/zuszdounky\" \/>\n<meta property=\"article:modified_time\" content=\"2023-08-08T21:55:20+00:00\" \/>\n<meta property=\"og:image\" content=\"https:\/\/zuszdounky.cz\/wp-content\/uploads\/2023\/08\/budova.jpg\" \/>\n\t<meta property=\"og:image:width\" content=\"1604\" \/>\n\t<meta property=\"og:image:height\" content=\"1070\" \/>\n\t<meta property=\"og:image:type\" content=\"image\/jpeg\" \/>\n<meta name=\"twitter:card\" content=\"summary_large_image\" \/>\n<meta name=\"twitter:label1\" content=\"Estimated reading time\" \/>\n\t<meta name=\"twitter:data1\" content=\"2 minutes\" \/>\n<script type=\"application\/ld+json\" class=\"yoast-schema-graph\">{\"@context\":\"https:\/\/schema.org\",\"@graph\":[{\"@type\":\"WebPage\",\"@id\":\"https:\/\/zuszdounky.cz\/vytvarny-obor\/\",\"url\":\"https:\/\/zuszdounky.cz\/vytvarny-obor\/\",\"name\":\"Z\u00e1kladn\u00ed um\u011bleck\u00e1 \u0161kola Zdounky - V\u00fdtvarn\u00fd obor\",\"isPartOf\":{\"@id\":\"https:\/\/zuszdounky.cz\/#website\"},\"datePublished\":\"2023-08-01T00:04:02+00:00\",\"dateModified\":\"2023-08-08T21:55:20+00:00\",\"description\":\"\u0160kola rodinn\u00e9ho typu \u2013 nejmen\u0161\u00ed um\u011bleck\u00e1 \u0161kola na Krom\u011b\u0159\u00ed\u017esku s dv\u011bma obory (hudebn\u00ed a v\u00fdtvarn\u00fd), dv\u011bma m\u00edsty vzd\u011bl\u00e1v\u00e1n\u00ed (Zdounky, Kory\u010dany) a nab\u00eddkou studia hry z tuctu r\u016fzn\u00fdch hudebn\u00edch n\u00e1stroj\u016f. Spole\u010dn\u011b se ZU\u0160lecht\u00edme!\",\"breadcrumb\":{\"@id\":\"https:\/\/zuszdounky.cz\/vytvarny-obor\/#breadcrumb\"},\"inLanguage\":\"en-GB\",\"potentialAction\":[{\"@type\":\"ReadAction\",\"target\":[\"https:\/\/zuszdounky.cz\/vytvarny-obor\/\"]}]},{\"@type\":\"BreadcrumbList\",\"@id\":\"https:\/\/zuszdounky.cz\/vytvarny-obor\/#breadcrumb\",\"itemListElement\":[{\"@type\":\"ListItem\",\"position\":1,\"name\":\"Dom\u016f\",\"item\":\"https:\/\/zuszdounky.cz\/\"},{\"@type\":\"ListItem\",\"position\":2,\"name\":\"V\u00fdtvarn\u00fd obor\"}]},{\"@type\":\"WebSite\",\"@id\":\"https:\/\/zuszdounky.cz\/#website\",\"url\":\"https:\/\/zuszdounky.cz\/\",\"name\":\"Z\u00e1kladn\u00ed um\u011bleck\u00e1 \u0161kola Zdounky\",\"description\":\"Spole\u010dn\u011b se ZU\u0160lecht\u00edme!\",\"publisher\":{\"@id\":\"https:\/\/zuszdounky.cz\/#organization\"},\"potentialAction\":[{\"@type\":\"SearchAction\",\"target\":{\"@type\":\"EntryPoint\",\"urlTemplate\":\"https:\/\/zuszdounky.cz\/?s={search_term_string}\"},\"query-input\":{\"@type\":\"PropertyValueSpecification\",\"valueRequired\":true,\"valueName\":\"search_term_string\"}}],\"inLanguage\":\"en-GB\"},{\"@type\":\"Organization\",\"@id\":\"https:\/\/zuszdounky.cz\/#organization\",\"name\":\"Z\u00e1kladn\u00ed um\u011bleck\u00e1 \u0161kola Zdounky\",\"url\":\"https:\/\/zuszdounky.cz\/\",\"logo\":{\"@type\":\"ImageObject\",\"inLanguage\":\"en-GB\",\"@id\":\"https:\/\/zuszdounky.cz\/#\/schema\/logo\/image\/\",\"url\":\"https:\/\/zuszdounky.cz\/wp-content\/uploads\/2023\/07\/cropped-ZUS_ZDOUNKY-e1689246716149.png\",\"contentUrl\":\"https:\/\/zuszdounky.cz\/wp-content\/uploads\/2023\/07\/cropped-ZUS_ZDOUNKY-e1689246716149.png\",\"width\":249,\"height\":227,\"caption\":\"Z\u00e1kladn\u00ed um\u011bleck\u00e1 \u0161kola Zdounky\"},\"image\":{\"@id\":\"https:\/\/zuszdounky.cz\/#\/schema\/logo\/image\/\"},\"sameAs\":[\"https:\/\/www.facebook.com\/zuszdounky\"]}]}<\/script>\n<!-- \/ Yoast SEO plugin. -->","yoast_head_json":{"title":"Z\u00e1kladn\u00ed um\u011bleck\u00e1 \u0161kola Zdounky - V\u00fdtvarn\u00fd obor","description":"\u0160kola rodinn\u00e9ho typu \u2013 nejmen\u0161\u00ed um\u011bleck\u00e1 \u0161kola na Krom\u011b\u0159\u00ed\u017esku s dv\u011bma obory (hudebn\u00ed a v\u00fdtvarn\u00fd), dv\u011bma m\u00edsty vzd\u011bl\u00e1v\u00e1n\u00ed (Zdounky, Kory\u010dany) a nab\u00eddkou studia hry z tuctu r\u016fzn\u00fdch hudebn\u00edch n\u00e1stroj\u016f. Spole\u010dn\u011b se ZU\u0160lecht\u00edme!","robots":{"index":"index","follow":"follow","max-snippet":"max-snippet:-1","max-image-preview":"max-image-preview:large","max-video-preview":"max-video-preview:-1"},"canonical":"https:\/\/zuszdounky.cz\/en\/vytvarny-obor\/","og_locale":"en_GB","og_type":"article","og_title":"Z\u00e1kladn\u00ed um\u011bleck\u00e1 \u0161kola Zdounky","og_description":"\u0160kola rodinn\u00e9ho typu \u2013 nejmen\u0161\u00ed um\u011bleck\u00e1 \u0161kola na Krom\u011b\u0159\u00ed\u017esku s dv\u011bma obory (hudebn\u00ed a v\u00fdtvarn\u00fd), dv\u011bma m\u00edsty vzd\u011bl\u00e1v\u00e1n\u00ed (Zdounky, Kory\u010dany) a nab\u00eddkou studia hry z tuctu r\u016fzn\u00fdch hudebn\u00edch n\u00e1stroj\u016f. Spole\u010dn\u011b se ZU\u0160lecht\u00edme!","og_url":"https:\/\/zuszdounky.cz\/en\/vytvarny-obor\/","og_site_name":"Z\u00e1kladn\u00ed um\u011bleck\u00e1 \u0161kola Zdounky","article_publisher":"https:\/\/www.facebook.com\/zuszdounky","article_modified_time":"2023-08-08T21:55:20+00:00","og_image":[{"width":1604,"height":1070,"url":"https:\/\/zuszdounky.cz\/wp-content\/uploads\/2023\/08\/budova.jpg","type":"image\/jpeg"}],"twitter_card":"summary_large_image","twitter_misc":{"Estimated reading time":"2 minutes"},"schema":{"@context":"https:\/\/schema.org","@graph":[{"@type":"WebPage","@id":"https:\/\/zuszdounky.cz\/vytvarny-obor\/","url":"https:\/\/zuszdounky.cz\/vytvarny-obor\/","name":"Z\u00e1kladn\u00ed um\u011bleck\u00e1 \u0161kola Zdounky - V\u00fdtvarn\u00fd obor","isPartOf":{"@id":"https:\/\/zuszdounky.cz\/#website"},"datePublished":"2023-08-01T00:04:02+00:00","dateModified":"2023-08-08T21:55:20+00:00","description":"\u0160kola rodinn\u00e9ho typu \u2013 nejmen\u0161\u00ed um\u011bleck\u00e1 \u0161kola na Krom\u011b\u0159\u00ed\u017esku s dv\u011bma obory (hudebn\u00ed a v\u00fdtvarn\u00fd), dv\u011bma m\u00edsty vzd\u011bl\u00e1v\u00e1n\u00ed (Zdounky, Kory\u010dany) a nab\u00eddkou studia hry z tuctu r\u016fzn\u00fdch hudebn\u00edch n\u00e1stroj\u016f. Spole\u010dn\u011b se ZU\u0160lecht\u00edme!","breadcrumb":{"@id":"https:\/\/zuszdounky.cz\/vytvarny-obor\/#breadcrumb"},"inLanguage":"en-GB","potentialAction":[{"@type":"ReadAction","target":["https:\/\/zuszdounky.cz\/vytvarny-obor\/"]}]},{"@type":"BreadcrumbList","@id":"https:\/\/zuszdounky.cz\/vytvarny-obor\/#breadcrumb","itemListElement":[{"@type":"ListItem","position":1,"name":"Dom\u016f","item":"https:\/\/zuszdounky.cz\/"},{"@type":"ListItem","position":2,"name":"V\u00fdtvarn\u00fd obor"}]},{"@type":"WebSite","@id":"https:\/\/zuszdounky.cz\/#website","url":"https:\/\/zuszdounky.cz\/","name":"Z\u00e1kladn\u00ed um\u011bleck\u00e1 \u0161kola Zdounky","description":"Spole\u010dn\u011b se ZU\u0160lecht\u00edme!","publisher":{"@id":"https:\/\/zuszdounky.cz\/#organization"},"potentialAction":[{"@type":"SearchAction","target":{"@type":"EntryPoint","urlTemplate":"https:\/\/zuszdounky.cz\/?s={search_term_string}"},"query-input":{"@type":"PropertyValueSpecification","valueRequired":true,"valueName":"search_term_string"}}],"inLanguage":"en-GB"},{"@type":"Organization","@id":"https:\/\/zuszdounky.cz\/#organization","name":"Z\u00e1kladn\u00ed um\u011bleck\u00e1 \u0161kola Zdounky","url":"https:\/\/zuszdounky.cz\/","logo":{"@type":"ImageObject","inLanguage":"en-GB","@id":"https:\/\/zuszdounky.cz\/#\/schema\/logo\/image\/","url":"https:\/\/zuszdounky.cz\/wp-content\/uploads\/2023\/07\/cropped-ZUS_ZDOUNKY-e1689246716149.png","contentUrl":"https:\/\/zuszdounky.cz\/wp-content\/uploads\/2023\/07\/cropped-ZUS_ZDOUNKY-e1689246716149.png","width":249,"height":227,"caption":"Z\u00e1kladn\u00ed um\u011bleck\u00e1 \u0161kola Zdounky"},"image":{"@id":"https:\/\/zuszdounky.cz\/#\/schema\/logo\/image\/"},"sameAs":["https:\/\/www.facebook.com\/zuszdounky"]}]}},"_links":{"self":[{"href":"https:\/\/zuszdounky.cz\/en\/wp-json\/wp\/v2\/pages\/2722","targetHints":{"allow":["GET"]}}],"collection":[{"href":"https:\/\/zuszdounky.cz\/en\/wp-json\/wp\/v2\/pages"}],"about":[{"href":"https:\/\/zuszdounky.cz\/en\/wp-json\/wp\/v2\/types\/page"}],"author":[{"embeddable":true,"href":"https:\/\/zuszdounky.cz\/en\/wp-json\/wp\/v2\/users\/1"}],"replies":[{"embeddable":true,"href":"https:\/\/zuszdounky.cz\/en\/wp-json\/wp\/v2\/comments?post=2722"}],"version-history":[{"count":3,"href":"https:\/\/zuszdounky.cz\/en\/wp-json\/wp\/v2\/pages\/2722\/revisions"}],"predecessor-version":[{"id":2733,"href":"https:\/\/zuszdounky.cz\/en\/wp-json\/wp\/v2\/pages\/2722\/revisions\/2733"}],"wp:attachment":[{"href":"https:\/\/zuszdounky.cz\/en\/wp-json\/wp\/v2\/media?parent=2722"}],"curies":[{"name":"wp","href":"https:\/\/api.w.org\/{rel}","templated":true}]}}