{"id":2761,"date":"2024-08-29T19:15:29","date_gmt":"2024-08-29T19:15:29","guid":{"rendered":"https:\/\/zuszdounky.cz\/?page_id=2761"},"modified":"2025-09-01T12:14:39","modified_gmt":"2025-09-01T12:14:39","slug":"rozvrh-hodin","status":"publish","type":"page","link":"https:\/\/zuszdounky.cz\/en\/rozvrh-hodin\/","title":{"rendered":"Rozvrh hodin"},"content":{"rendered":"<section class=\"wpb-content-wrapper\"><div class=\"vc_row wpb_row vc_row-fluid vc_custom_1690847570200\"><div class=\"wpb_column vc_column_container vc_col-sm-12 sc_layouts_column_icons_position_left\"><div class=\"vc_column-inner\"><div class=\"wpb_wrapper\">\n\t<div class=\"wpb_text_column wpb_content_element\" >\n\t\t<div class=\"wpb_wrapper\">\n\t\t\t<h2>Rozvrh hodin<\/h2>\n<p><strong>KOLEKTIVN\u00cd P\u0158EDM\u011aTY 2025\/2026 <\/strong> <\/br> &#8211; <em>v\u00fduka od pond\u011bl\u00ed 8. 9. 2025<\/em><\/p>\n<style=\"color: #af381f;\">\n\n\t\t<\/div>\n\t<\/div>\n<div class=\"vc_empty_space  sc_height_medium\"   style=\"height: 20px\"><span class=\"vc_empty_space_inner\"><\/span><\/div><\/div><\/div><\/div><\/div><div class=\"vc_row wpb_row vc_row-fluid vc_custom_1690847570200\"><div class=\"wpb_column vc_column_container vc_col-sm-12 sc_layouts_column_icons_position_left\"><div class=\"vc_column-inner\"><div class=\"wpb_wrapper\"><div class=\"vc_btn3-container vc_btn3-inline\" ><button class=\"vc_general vc_btn3 vc_btn3-size-md vc_btn3-shape-rounded vc_btn3-style-modern vc_btn3-o-empty vc_btn3-color-white\"><span class=\"vc_btn3-placeholder\">&nbsp;<\/span><\/button><\/div><\/div><\/div><\/div><\/div><div class=\"vc_row wpb_row vc_row-fluid vc_column-gap-35\"><div class=\"wpb_column vc_column_container vc_col-sm-4 sc_layouts_column_icons_position_left\"><div class=\"vc_column-inner vc_custom_1690885267646\"><div class=\"wpb_wrapper\">\n\t<div class=\"wpb_text_column wpb_content_element\" >\n\t\t<div class=\"wpb_wrapper\">\n\t\t\t<h6><strong>HUDEBN\u00cd OBOR ZDOUNKY<br \/><\/strong>vyu\u010duj\u00edc\u00ed: Marie Grace<\/h6>\n<p><strong>P\u0159\u00edpravn\u00e1 hudebn\u00ed v\u00fdchova (PHV)<\/p>\n<p><i><span style=\"color: #daa520;\">st\u0159eda 14:25-15:10<\/span><\/i><br \/><\/strong><\/p>\n<p><strong>Hudebn\u00ed nauka 1. ro\u010dn\u00edk<br \/><i><span style=\"color: #daa520;\">pond\u011bl\u00ed 14:25\u201315:10\u00a0<\/span><\/i><br \/><\/strong><\/p>\n<p><strong>Hudebn\u00ed nauka 2. ro\u010dn\u00edk<br \/><i><span style=\"color: #daa520;\">pond\u011bl\u00ed 15:15\u201316:00\u00a0<\/span><\/i><br \/><\/strong><\/p>\n<p><strong>Hudebn\u00ed nauka 3. ro\u010dn\u00edk<br \/><i><span style=\"color: #daa520;\">\u00fater\u00fd 14:25\u201315:10\u00a0<\/span><\/i><br \/><\/strong><\/p>\n<p><strong>Hudebn\u00ed nauka 4. + 5. ro\u010dn\u00edk<br \/><i><span style=\"color: #daa520;\">\u00fater\u00fd 15:15\u201316:00\u00a0<\/span><\/i><br \/><\/strong><\/p>\n<p>&nbsp;<\/p>\n<h6><strong>HUDEBN\u00cd OBOR KORY\u010cANY<br \/><\/strong>vyu\u010duj\u00edc\u00ed:<br \/>Mgr. Monika Seluck\u00e1 (ml. \u017e\u00e1ci)<br \/>a Ad\u00e9la Neva\u0159ilov\u00e1 (st. \u017e\u00e1ci)<\/h6>\n<p><strong>P\u0159\u00edpravn\u00e1 hudebn\u00ed v\u00fdchova (PHV)<\/strong><\/p>\n<p><strong>Hudebn\u00ed nauka 1. a 2. ro\u010dn\u00edk (ml. \u017e\u00e1ci)<br \/><i><span style=\"color: #daa520;\">\u010dtvrtek 13:35\u201314:20\u00a0<\/span><\/i><br \/><\/strong><\/p>\n<p><strong>Hudebn\u00ed nauka 3. &#8211; 5. ro\u010dn\u00edk (st. \u017e\u00e1ci)<br \/><i><span style=\"color: #daa520;\">pond\u011bl\u00ed 15:15\u201316:00\u00a0<\/span><\/i><br \/><\/strong><\/p>\n\n\t\t<\/div>\n\t<\/div>\n<\/div><\/div><\/div><div class=\"wpb_column vc_column_container vc_col-sm-4 sc_layouts_column_icons_position_left\"><div class=\"vc_column-inner\"><div class=\"wpb_wrapper\">\n\t<div class=\"wpb_text_column wpb_content_element\" >\n\t\t<div class=\"wpb_wrapper\">\n\t\t\t<h6><strong>V\u00ddTVARN\u00dd OBOR ZDOUNKY<\/strong><br \/>\nvyu\u010duj\u00edc\u00ed: Mgr. Michal Ku\u010dera<\/h6>\n<p><strong>VO 1. skupina\u00a0 \u00a0 \u00a0<i><span style=\"color: #daa520;\">pond\u011bl\u00ed 13:15\u201315:30<\/span><\/i><br \/>\n<strong>VO 2. skupina \u00a0\u00a0\u00a0 <i><span style=\"color: #daa520;\">pond\u011bl\u00ed 15:45\u201318:00<\/span><\/i><br \/>\n<strong>VO 3. skupina<\/strong> \u00a0\u00a0\u00a0 <i><span style=\"color: #daa520;\">\u00fater\u00fd 12:45\u201315:00<\/span><\/i><\/strong><\/strong><\/p>\n<p>&nbsp;<\/p>\n<p>&nbsp;<\/p>\n<h6><strong>V\u00ddTVARN\u00dd OBOR KORY\u010cANY<\/strong><br \/>\nvyu\u010duj\u00edc\u00ed: Mgr. Michal Ku\u010dera<\/h6>\n<p><strong><i><span style=\"color: #daa520;\">\u00fater\u00fd 15:45\u201318:00<\/strong><\/span><\/i><\/p>\n\n\t\t<\/div>\n\t<\/div>\n<\/div><\/div><\/div><div class=\"wpb_column vc_column_container vc_col-sm-4 sc_layouts_column_icons_position_left\"><div class=\"vc_column-inner\"><div class=\"wpb_wrapper\"><\/div><\/div><\/div><\/div>\n<\/section>","protected":false},"excerpt":{"rendered":"Rozvrh hodin KOLEKTIVN\u00cd P\u0158EDM\u011aTY 2025\/2026 - v\u00fduka od pond\u011bl\u00ed 8. 9. 2025 &nbsp; HUDEBN\u00cd OBOR ZDOUNKYvyu\u010duj\u00edc\u00ed: Marie Grace P\u0159\u00edpravn\u00e1 hudebn\u00ed v\u00fdchova (PHV) st\u0159eda 14:25-15:10 Hudebn\u00ed nauka 1. ro\u010dn\u00edkpond\u011bl\u00ed 14:25\u201315:10\u00a0 Hudebn\u00ed&hellip;","protected":false},"author":1,"featured_media":0,"parent":0,"menu_order":0,"comment_status":"closed","ping_status":"closed","template":"","meta":{"footnotes":"","_links_to":"","_links_to_target":""},"class_list":["post-2761","page","type-page","status-publish","hentry"],"yoast_head":"<!-- This site is optimized with the Yoast SEO plugin v25.8 - https:\/\/yoast.com\/wordpress\/plugins\/seo\/ -->\n<title>Z\u00e1kladn\u00ed um\u011bleck\u00e1 \u0161kola Zdounky - Rozvrh hodin<\/title>\n<meta name=\"description\" content=\"\u0160kola rodinn\u00e9ho typu \u2013 nejmen\u0161\u00ed um\u011bleck\u00e1 \u0161kola na Krom\u011b\u0159\u00ed\u017esku s dv\u011bma obory (hudebn\u00ed a v\u00fdtvarn\u00fd), dv\u011bma m\u00edsty vzd\u011bl\u00e1v\u00e1n\u00ed (Zdounky, Kory\u010dany) a nab\u00eddkou studia hry z tuctu r\u016fzn\u00fdch hudebn\u00edch n\u00e1stroj\u016f. Spole\u010dn\u011b se ZU\u0160lecht\u00edme!\" \/>\n<meta name=\"robots\" content=\"index, follow, max-snippet:-1, max-image-preview:large, max-video-preview:-1\" \/>\n<link rel=\"canonical\" href=\"https:\/\/zuszdounky.cz\/en\/rozvrh-hodin\/\" \/>\n<meta property=\"og:locale\" content=\"en_GB\" \/>\n<meta property=\"og:type\" content=\"article\" \/>\n<meta property=\"og:title\" content=\"Z\u00e1kladn\u00ed um\u011bleck\u00e1 \u0161kola Zdounky\" \/>\n<meta property=\"og:description\" content=\"\u0160kola rodinn\u00e9ho typu \u2013 nejmen\u0161\u00ed um\u011bleck\u00e1 \u0161kola na Krom\u011b\u0159\u00ed\u017esku s dv\u011bma obory (hudebn\u00ed a v\u00fdtvarn\u00fd), dv\u011bma m\u00edsty vzd\u011bl\u00e1v\u00e1n\u00ed (Zdounky, Kory\u010dany) a nab\u00eddkou studia hry z tuctu r\u016fzn\u00fdch hudebn\u00edch n\u00e1stroj\u016f. Spole\u010dn\u011b se ZU\u0160lecht\u00edme!\" \/>\n<meta property=\"og:url\" content=\"https:\/\/zuszdounky.cz\/en\/rozvrh-hodin\/\" \/>\n<meta property=\"og:site_name\" content=\"Z\u00e1kladn\u00ed um\u011bleck\u00e1 \u0161kola Zdounky\" \/>\n<meta property=\"article:publisher\" content=\"https:\/\/www.facebook.com\/zuszdounky\" \/>\n<meta property=\"article:modified_time\" content=\"2025-09-01T12:14:39+00:00\" \/>\n<meta property=\"og:image\" content=\"https:\/\/zuszdounky.cz\/wp-content\/uploads\/2023\/08\/budova.jpg\" \/>\n\t<meta property=\"og:image:width\" content=\"1604\" \/>\n\t<meta property=\"og:image:height\" content=\"1070\" \/>\n\t<meta property=\"og:image:type\" content=\"image\/jpeg\" \/>\n<meta name=\"twitter:card\" content=\"summary_large_image\" \/>\n<meta name=\"twitter:label1\" content=\"Estimated reading time\" \/>\n\t<meta name=\"twitter:data1\" content=\"1 minute\" \/>\n<script type=\"application\/ld+json\" class=\"yoast-schema-graph\">{\"@context\":\"https:\/\/schema.org\",\"@graph\":[{\"@type\":\"WebPage\",\"@id\":\"https:\/\/zuszdounky.cz\/rozvrh-hodin\/\",\"url\":\"https:\/\/zuszdounky.cz\/rozvrh-hodin\/\",\"name\":\"Z\u00e1kladn\u00ed um\u011bleck\u00e1 \u0161kola Zdounky - Rozvrh hodin\",\"isPartOf\":{\"@id\":\"https:\/\/zuszdounky.cz\/#website\"},\"datePublished\":\"2024-08-29T19:15:29+00:00\",\"dateModified\":\"2025-09-01T12:14:39+00:00\",\"description\":\"\u0160kola rodinn\u00e9ho typu \u2013 nejmen\u0161\u00ed um\u011bleck\u00e1 \u0161kola na Krom\u011b\u0159\u00ed\u017esku s dv\u011bma obory (hudebn\u00ed a v\u00fdtvarn\u00fd), dv\u011bma m\u00edsty vzd\u011bl\u00e1v\u00e1n\u00ed (Zdounky, Kory\u010dany) a nab\u00eddkou studia hry z tuctu r\u016fzn\u00fdch hudebn\u00edch n\u00e1stroj\u016f. Spole\u010dn\u011b se ZU\u0160lecht\u00edme!\",\"breadcrumb\":{\"@id\":\"https:\/\/zuszdounky.cz\/rozvrh-hodin\/#breadcrumb\"},\"inLanguage\":\"en-GB\",\"potentialAction\":[{\"@type\":\"ReadAction\",\"target\":[\"https:\/\/zuszdounky.cz\/rozvrh-hodin\/\"]}]},{\"@type\":\"BreadcrumbList\",\"@id\":\"https:\/\/zuszdounky.cz\/rozvrh-hodin\/#breadcrumb\",\"itemListElement\":[{\"@type\":\"ListItem\",\"position\":1,\"name\":\"Dom\u016f\",\"item\":\"https:\/\/zuszdounky.cz\/\"},{\"@type\":\"ListItem\",\"position\":2,\"name\":\"Rozvrh hodin\"}]},{\"@type\":\"WebSite\",\"@id\":\"https:\/\/zuszdounky.cz\/#website\",\"url\":\"https:\/\/zuszdounky.cz\/\",\"name\":\"Z\u00e1kladn\u00ed um\u011bleck\u00e1 \u0161kola Zdounky\",\"description\":\"Spole\u010dn\u011b se ZU\u0160lecht\u00edme!\",\"publisher\":{\"@id\":\"https:\/\/zuszdounky.cz\/#organization\"},\"potentialAction\":[{\"@type\":\"SearchAction\",\"target\":{\"@type\":\"EntryPoint\",\"urlTemplate\":\"https:\/\/zuszdounky.cz\/?s={search_term_string}\"},\"query-input\":{\"@type\":\"PropertyValueSpecification\",\"valueRequired\":true,\"valueName\":\"search_term_string\"}}],\"inLanguage\":\"en-GB\"},{\"@type\":\"Organization\",\"@id\":\"https:\/\/zuszdounky.cz\/#organization\",\"name\":\"Z\u00e1kladn\u00ed um\u011bleck\u00e1 \u0161kola Zdounky\",\"url\":\"https:\/\/zuszdounky.cz\/\",\"logo\":{\"@type\":\"ImageObject\",\"inLanguage\":\"en-GB\",\"@id\":\"https:\/\/zuszdounky.cz\/#\/schema\/logo\/image\/\",\"url\":\"https:\/\/zuszdounky.cz\/wp-content\/uploads\/2023\/07\/cropped-ZUS_ZDOUNKY-e1689246716149.png\",\"contentUrl\":\"https:\/\/zuszdounky.cz\/wp-content\/uploads\/2023\/07\/cropped-ZUS_ZDOUNKY-e1689246716149.png\",\"width\":249,\"height\":227,\"caption\":\"Z\u00e1kladn\u00ed um\u011bleck\u00e1 \u0161kola Zdounky\"},\"image\":{\"@id\":\"https:\/\/zuszdounky.cz\/#\/schema\/logo\/image\/\"},\"sameAs\":[\"https:\/\/www.facebook.com\/zuszdounky\"]}]}<\/script>\n<!-- \/ Yoast SEO plugin. -->","yoast_head_json":{"title":"Z\u00e1kladn\u00ed um\u011bleck\u00e1 \u0161kola Zdounky - Rozvrh hodin","description":"\u0160kola rodinn\u00e9ho typu \u2013 nejmen\u0161\u00ed um\u011bleck\u00e1 \u0161kola na Krom\u011b\u0159\u00ed\u017esku s dv\u011bma obory (hudebn\u00ed a v\u00fdtvarn\u00fd), dv\u011bma m\u00edsty vzd\u011bl\u00e1v\u00e1n\u00ed (Zdounky, Kory\u010dany) a nab\u00eddkou studia hry z tuctu r\u016fzn\u00fdch hudebn\u00edch n\u00e1stroj\u016f. Spole\u010dn\u011b se ZU\u0160lecht\u00edme!","robots":{"index":"index","follow":"follow","max-snippet":"max-snippet:-1","max-image-preview":"max-image-preview:large","max-video-preview":"max-video-preview:-1"},"canonical":"https:\/\/zuszdounky.cz\/en\/rozvrh-hodin\/","og_locale":"en_GB","og_type":"article","og_title":"Z\u00e1kladn\u00ed um\u011bleck\u00e1 \u0161kola Zdounky","og_description":"\u0160kola rodinn\u00e9ho typu \u2013 nejmen\u0161\u00ed um\u011bleck\u00e1 \u0161kola na Krom\u011b\u0159\u00ed\u017esku s dv\u011bma obory (hudebn\u00ed a v\u00fdtvarn\u00fd), dv\u011bma m\u00edsty vzd\u011bl\u00e1v\u00e1n\u00ed (Zdounky, Kory\u010dany) a nab\u00eddkou studia hry z tuctu r\u016fzn\u00fdch hudebn\u00edch n\u00e1stroj\u016f. Spole\u010dn\u011b se ZU\u0160lecht\u00edme!","og_url":"https:\/\/zuszdounky.cz\/en\/rozvrh-hodin\/","og_site_name":"Z\u00e1kladn\u00ed um\u011bleck\u00e1 \u0161kola Zdounky","article_publisher":"https:\/\/www.facebook.com\/zuszdounky","article_modified_time":"2025-09-01T12:14:39+00:00","og_image":[{"width":1604,"height":1070,"url":"https:\/\/zuszdounky.cz\/wp-content\/uploads\/2023\/08\/budova.jpg","type":"image\/jpeg"}],"twitter_card":"summary_large_image","twitter_misc":{"Estimated reading time":"1 minute"},"schema":{"@context":"https:\/\/schema.org","@graph":[{"@type":"WebPage","@id":"https:\/\/zuszdounky.cz\/rozvrh-hodin\/","url":"https:\/\/zuszdounky.cz\/rozvrh-hodin\/","name":"Z\u00e1kladn\u00ed um\u011bleck\u00e1 \u0161kola Zdounky - Rozvrh hodin","isPartOf":{"@id":"https:\/\/zuszdounky.cz\/#website"},"datePublished":"2024-08-29T19:15:29+00:00","dateModified":"2025-09-01T12:14:39+00:00","description":"\u0160kola rodinn\u00e9ho typu \u2013 nejmen\u0161\u00ed um\u011bleck\u00e1 \u0161kola na Krom\u011b\u0159\u00ed\u017esku s dv\u011bma obory (hudebn\u00ed a v\u00fdtvarn\u00fd), dv\u011bma m\u00edsty vzd\u011bl\u00e1v\u00e1n\u00ed (Zdounky, Kory\u010dany) a nab\u00eddkou studia hry z tuctu r\u016fzn\u00fdch hudebn\u00edch n\u00e1stroj\u016f. Spole\u010dn\u011b se ZU\u0160lecht\u00edme!","breadcrumb":{"@id":"https:\/\/zuszdounky.cz\/rozvrh-hodin\/#breadcrumb"},"inLanguage":"en-GB","potentialAction":[{"@type":"ReadAction","target":["https:\/\/zuszdounky.cz\/rozvrh-hodin\/"]}]},{"@type":"BreadcrumbList","@id":"https:\/\/zuszdounky.cz\/rozvrh-hodin\/#breadcrumb","itemListElement":[{"@type":"ListItem","position":1,"name":"Dom\u016f","item":"https:\/\/zuszdounky.cz\/"},{"@type":"ListItem","position":2,"name":"Rozvrh hodin"}]},{"@type":"WebSite","@id":"https:\/\/zuszdounky.cz\/#website","url":"https:\/\/zuszdounky.cz\/","name":"Z\u00e1kladn\u00ed um\u011bleck\u00e1 \u0161kola Zdounky","description":"Spole\u010dn\u011b se ZU\u0160lecht\u00edme!","publisher":{"@id":"https:\/\/zuszdounky.cz\/#organization"},"potentialAction":[{"@type":"SearchAction","target":{"@type":"EntryPoint","urlTemplate":"https:\/\/zuszdounky.cz\/?s={search_term_string}"},"query-input":{"@type":"PropertyValueSpecification","valueRequired":true,"valueName":"search_term_string"}}],"inLanguage":"en-GB"},{"@type":"Organization","@id":"https:\/\/zuszdounky.cz\/#organization","name":"Z\u00e1kladn\u00ed um\u011bleck\u00e1 \u0161kola Zdounky","url":"https:\/\/zuszdounky.cz\/","logo":{"@type":"ImageObject","inLanguage":"en-GB","@id":"https:\/\/zuszdounky.cz\/#\/schema\/logo\/image\/","url":"https:\/\/zuszdounky.cz\/wp-content\/uploads\/2023\/07\/cropped-ZUS_ZDOUNKY-e1689246716149.png","contentUrl":"https:\/\/zuszdounky.cz\/wp-content\/uploads\/2023\/07\/cropped-ZUS_ZDOUNKY-e1689246716149.png","width":249,"height":227,"caption":"Z\u00e1kladn\u00ed um\u011bleck\u00e1 \u0161kola Zdounky"},"image":{"@id":"https:\/\/zuszdounky.cz\/#\/schema\/logo\/image\/"},"sameAs":["https:\/\/www.facebook.com\/zuszdounky"]}]}},"_links":{"self":[{"href":"https:\/\/zuszdounky.cz\/en\/wp-json\/wp\/v2\/pages\/2761","targetHints":{"allow":["GET"]}}],"collection":[{"href":"https:\/\/zuszdounky.cz\/en\/wp-json\/wp\/v2\/pages"}],"about":[{"href":"https:\/\/zuszdounky.cz\/en\/wp-json\/wp\/v2\/types\/page"}],"author":[{"embeddable":true,"href":"https:\/\/zuszdounky.cz\/en\/wp-json\/wp\/v2\/users\/1"}],"replies":[{"embeddable":true,"href":"https:\/\/zuszdounky.cz\/en\/wp-json\/wp\/v2\/comments?post=2761"}],"version-history":[{"count":43,"href":"https:\/\/zuszdounky.cz\/en\/wp-json\/wp\/v2\/pages\/2761\/revisions"}],"predecessor-version":[{"id":3239,"href":"https:\/\/zuszdounky.cz\/en\/wp-json\/wp\/v2\/pages\/2761\/revisions\/3239"}],"wp:attachment":[{"href":"https:\/\/zuszdounky.cz\/en\/wp-json\/wp\/v2\/media?parent=2761"}],"curies":[{"name":"wp","href":"https:\/\/api.w.org\/{rel}","templated":true}]}}