{"id":41,"date":"2017-12-05T09:25:50","date_gmt":"2017-12-05T09:25:50","guid":{"rendered":"https:\/\/zuszdounky.cz\/?page_id=41"},"modified":"2024-05-02T19:20:13","modified_gmt":"2024-05-02T19:20:13","slug":"kontakt","status":"publish","type":"page","link":"https:\/\/zuszdounky.cz\/en\/kontakt\/","title":{"rendered":"Kontakt"},"content":{"rendered":"<section class=\"wpb-content-wrapper\"><div class=\"vc_row wpb_row vc_row-fluid\"><div class=\"wpb_column vc_column_container vc_col-sm-12 sc_layouts_column_icons_position_left\"><div class=\"vc_column-inner\"><div class=\"wpb_wrapper\"><div class=\"vc_empty_space\"   style=\"height: 5em\"><span class=\"vc_empty_space_inner\"><\/span><\/div><div class=\"vc_empty_space  hide_on_tablet hide_on_mobile\"   style=\"height: 3em\"><span class=\"vc_empty_space_inner\"><\/span><\/div><div id=\"sc_title_1914736433\"\n\t\tclass=\"sc_title color_style_default sc_title_decoration\"><h2 class=\"sc_item_title sc_title_title sc_align_left sc_item_title_style_decoration sc_item_title_tag\">Kontakt<\/h2><h6 class=\"sc_item_subtitle sc_title_subtitle sc_align_left sc_item_title_style_decoration\">Kontaktn\u00ed informace<\/h6><\/div><!-- \/.sc_title --><div class=\"vc_empty_space\"   style=\"height: 2em\"><span class=\"vc_empty_space_inner\"><\/span><\/div><div class=\"vc_empty_space  hide_on_mobile\"   style=\"height: 3em\"><span class=\"vc_empty_space_inner\"><\/span><\/div><\/div><\/div><\/div><\/div><div class=\"vc_row wpb_row vc_row-fluid\"><div class=\"wpb_column vc_column_container vc_col-sm-4 sc_layouts_column_icons_position_left\"><div class=\"vc_column-inner\"><div class=\"wpb_wrapper\"><div id=\"sc_title_1969981827\"\n\t\tclass=\"sc_title color_style_default sc_title_default\"><h6 class=\"sc_item_title sc_title_title sc_align_left sc_item_title_style_default sc_item_title_tag\">Adresa<\/h6><\/div><!-- \/.sc_title --><div class=\"vc_empty_space\"   style=\"height: 0.5em\"><span class=\"vc_empty_space_inner\"><\/span><\/div>\n\t<div class=\"wpb_text_column wpb_content_element\" >\n\t\t<div class=\"wpb_wrapper\">\n\t\t\t<p style=\"text-align: left;\"><a href=\"https:\/\/www.google.com\/maps?ll=49.228293,17.321224&amp;z=11&amp;t=m&amp;hl=cs&amp;gl=CZ&amp;mapclient=embed&amp;q=Zdounky+23+768+02+Zdounky\" target=\"_blank\" rel=\"noopener\">Z\u00e1kladn\u00ed um\u011bleck\u00e1 \u0161kola Zdounky,<br \/>\nN\u00e1m\u011bst\u00ed 23, 768 02 Zdounky<\/a><\/p>\n<p><strong>I\u010c<\/strong>: 63414945<br \/>\n<strong>Datov\u00e1 schr\u00e1nka<\/strong>: iz7qx4g<\/p>\n\n\t\t<\/div>\n\t<\/div>\n<div class=\"vc_empty_space\"   style=\"height: 1.4em\"><span class=\"vc_empty_space_inner\"><\/span><\/div><div class=\"vc_separator wpb_content_element vc_separator_align_center vc_sep_width_60 vc_sep_pos_align_left vc_separator_no_text vc_custom_1690837997371  vc_custom_1690837997371\" ><span class=\"vc_sep_holder vc_sep_holder_l\"><span style=\"border-color:#ededed;\" class=\"vc_sep_line\"><\/span><\/span><span class=\"vc_sep_holder vc_sep_holder_r\"><span style=\"border-color:#ededed;\" class=\"vc_sep_line\"><\/span><\/span>\n<\/div><div class=\"vc_empty_space\"   style=\"height: 1.8em\"><span class=\"vc_empty_space_inner\"><\/span><\/div><div id=\"sc_title_1465907050\"\n\t\tclass=\"sc_title color_style_default sc_title_default\"><h6 class=\"sc_item_title sc_title_title sc_align_left sc_item_title_style_default sc_item_title_tag\">Telefon, mobil<\/h6><\/div><!-- \/.sc_title --><div class=\"vc_empty_space\"   style=\"height: 0.5em\"><span class=\"vc_empty_space_inner\"><\/span><\/div>\n\t<div class=\"wpb_text_column wpb_content_element\" >\n\t\t<div class=\"wpb_wrapper\">\n\t\t\t<p style=\"text-align: left;\"><span style=\"color: #615d5b;\"><a href=\"tel:+420573365282\">+420 573 365 282<\/a><br \/>\n<\/span><span style=\"color: #615d5b;\"><a href=\"tel:+420731656916\">+420 731 656 916<\/a><br \/>\n<\/span><span style=\"color: #615d5b;\"><a href=\"tel:+420731656917\">+420 731 656 917 (MPV Kory\u010dany)<\/a><\/span><\/p>\n\n\t\t<\/div>\n\t<\/div>\n<div class=\"vc_empty_space\"   style=\"height: 1.4em\"><span class=\"vc_empty_space_inner\"><\/span><\/div><div class=\"vc_separator wpb_content_element vc_separator_align_center vc_sep_width_60 vc_sep_pos_align_left vc_separator_no_text vc_custom_1690837514723  vc_custom_1690837514723\" ><span class=\"vc_sep_holder vc_sep_holder_l\"><span style=\"border-color:#ededed;\" class=\"vc_sep_line\"><\/span><\/span><span class=\"vc_sep_holder vc_sep_holder_r\"><span style=\"border-color:#ededed;\" class=\"vc_sep_line\"><\/span><\/span>\n<\/div><div class=\"vc_empty_space\"   style=\"height: 1.8em\"><span class=\"vc_empty_space_inner\"><\/span><\/div><div id=\"sc_title_875734387\"\n\t\tclass=\"sc_title color_style_default sc_title_default\"><h6 class=\"sc_item_title sc_title_title sc_align_left sc_item_title_style_default sc_item_title_tag\">Email<\/h6><\/div><!-- \/.sc_title --><div class=\"vc_empty_space\"   style=\"height: 0.5em\"><span class=\"vc_empty_space_inner\"><\/span><\/div>\n\t<div class=\"wpb_text_column wpb_content_element\" >\n\t\t<div class=\"wpb_wrapper\">\n\t\t\t<p style=\"text-align: left;\"><span style=\"color: #615d5b;\"><a href=\"mailto:zuszdounky@zuszdounky.cz\">zuszdounky@zuszdounky.cz<\/a><\/span><\/p>\n\n\t\t<\/div>\n\t<\/div>\n<div class=\"vc_empty_space\"   style=\"height: 1.4em\"><span class=\"vc_empty_space_inner\"><\/span><\/div><div class=\"vc_separator wpb_content_element vc_separator_align_center vc_sep_width_60 vc_sep_pos_align_left vc_separator_no_text vc_custom_1690837514723  vc_custom_1690837514723\" ><span class=\"vc_sep_holder vc_sep_holder_l\"><span style=\"border-color:#ededed;\" class=\"vc_sep_line\"><\/span><\/span><span class=\"vc_sep_holder vc_sep_holder_r\"><span style=\"border-color:#ededed;\" class=\"vc_sep_line\"><\/span><\/span>\n<\/div><div class=\"vc_empty_space  hide_on_desktop hide_on_notebook hide_on_tablet\"   style=\"height: 1.4em\"><span class=\"vc_empty_space_inner\"><\/span><\/div><\/div><\/div><\/div><div class=\"wpb_column vc_column_container vc_col-sm-4 sc_layouts_column_icons_position_left\"><div class=\"vc_column-inner\"><div class=\"wpb_wrapper\"><div id=\"sc_title_723309057\"\n\t\tclass=\"sc_title color_style_default sc_title_default\"><h6 class=\"sc_item_title sc_title_title sc_align_left sc_item_title_style_default sc_item_title_tag\">\u0158editel \u0161koly, statut\u00e1rn\u00ed org\u00e1n<\/h6><\/div><!-- \/.sc_title --><div class=\"vc_empty_space\"   style=\"height: 0.5em\"><span class=\"vc_empty_space_inner\"><\/span><\/div>\n\t<div class=\"wpb_text_column wpb_content_element\" >\n\t\t<div class=\"wpb_wrapper\">\n\t\t\t<p><strong>MgA. Norbert SVA\u010cINA, Ph.D.<\/strong><br \/>\n<a href=\"mailto:zuszdounky@zuszdounky.cz\">zuszdounky@zuszdounky.cz<\/a><\/p>\n\n\t\t<\/div>\n\t<\/div>\n<div class=\"vc_empty_space\"   style=\"height: 1.4em\"><span class=\"vc_empty_space_inner\"><\/span><\/div><div class=\"vc_separator wpb_content_element vc_separator_align_center vc_sep_width_60 vc_sep_pos_align_left vc_separator_no_text vc_custom_1690837997371  vc_custom_1690837997371\" ><span class=\"vc_sep_holder vc_sep_holder_l\"><span style=\"border-color:#ededed;\" class=\"vc_sep_line\"><\/span><\/span><span class=\"vc_sep_holder vc_sep_holder_r\"><span style=\"border-color:#ededed;\" class=\"vc_sep_line\"><\/span><\/span>\n<\/div><div class=\"vc_empty_space\"   style=\"height: 1.8em\"><span class=\"vc_empty_space_inner\"><\/span><\/div><div id=\"sc_title_1733339270\"\n\t\tclass=\"sc_title color_style_default sc_title_default\"><h6 class=\"sc_item_title sc_title_title sc_align_left sc_item_title_style_default sc_item_title_tag\">Z\u00e1stupkyn\u011b statut\u00e1rn\u00edho org\u00e1nu<\/h6><\/div><!-- \/.sc_title --><div class=\"vc_empty_space\"   style=\"height: 0.5em\"><span class=\"vc_empty_space_inner\"><\/span><\/div>\n\t<div class=\"wpb_text_column wpb_content_element\" >\n\t\t<div class=\"wpb_wrapper\">\n\t\t\t<p><strong>\u0160\u00e1rka JABLUNKOV\u00c1<\/strong><br \/>\n<a href=\"mailto:jablunkova@zuszdounky.cz\">jablunkova@zuszdounky.cz<\/a><\/p>\n\n\t\t<\/div>\n\t<\/div>\n<div class=\"vc_empty_space\"   style=\"height: 1.4em\"><span class=\"vc_empty_space_inner\"><\/span><\/div><div class=\"vc_separator wpb_content_element vc_separator_align_center vc_sep_width_60 vc_sep_pos_align_left vc_separator_no_text vc_custom_1690837514723  vc_custom_1690837514723\" ><span class=\"vc_sep_holder vc_sep_holder_l\"><span style=\"border-color:#ededed;\" class=\"vc_sep_line\"><\/span><\/span><span class=\"vc_sep_holder vc_sep_holder_r\"><span style=\"border-color:#ededed;\" class=\"vc_sep_line\"><\/span><\/span>\n<\/div><div class=\"vc_empty_space\"   style=\"height: 1.8em\"><span class=\"vc_empty_space_inner\"><\/span><\/div><div id=\"sc_title_992108482\"\n\t\tclass=\"sc_title color_style_default sc_title_default\"><h6 class=\"sc_item_title sc_title_title sc_align_left sc_item_title_style_default sc_item_title_tag\">\u00da\u010detn\u00ed<\/h6><\/div><!-- \/.sc_title --><div class=\"vc_empty_space\"   style=\"height: 0.5em\"><span class=\"vc_empty_space_inner\"><\/span><\/div>\n\t<div class=\"wpb_text_column wpb_content_element\" >\n\t\t<div class=\"wpb_wrapper\">\n\t\t\t<p><strong>Ing. Ond\u0159ej VE\u010cE\u0158A<\/strong><br \/><a href=\"mailto:ucetni@zuszdounky.cz\">ucetni@zuszdounky.cz<\/a><\/p>\n\n\t\t<\/div>\n\t<\/div>\n<div class=\"vc_empty_space\"   style=\"height: 1.4em\"><span class=\"vc_empty_space_inner\"><\/span><\/div><div class=\"vc_separator wpb_content_element vc_separator_align_center vc_sep_width_60 vc_sep_pos_align_left vc_separator_no_text vc_custom_1690837514723  vc_custom_1690837514723\" ><span class=\"vc_sep_holder vc_sep_holder_l\"><span style=\"border-color:#ededed;\" class=\"vc_sep_line\"><\/span><\/span><span class=\"vc_sep_holder vc_sep_holder_r\"><span style=\"border-color:#ededed;\" class=\"vc_sep_line\"><\/span><\/span>\n<\/div><div class=\"vc_empty_space\"   style=\"height: 1.8em\"><span class=\"vc_empty_space_inner\"><\/span><\/div><div id=\"sc_title_364421757\"\n\t\tclass=\"sc_title color_style_default sc_title_default\"><h6 class=\"sc_item_title sc_title_title sc_align_left sc_item_title_style_default sc_item_title_tag\">Pov\u011b\u0159enec GDPR<\/h6><\/div><!-- \/.sc_title --><div class=\"vc_empty_space\"   style=\"height: 0.5em\"><span class=\"vc_empty_space_inner\"><\/span><\/div>\n\t<div class=\"wpb_text_column wpb_content_element\" >\n\t\t<div class=\"wpb_wrapper\">\n\t\t\t<p><strong>Marie GRACE<\/strong><br \/>\n<a href=\"mailto:grace@zuszdounky.cz\">grace@zuszdounky.cz<\/a><\/p>\n\n\t\t<\/div>\n\t<\/div>\n<div class=\"vc_empty_space\"   style=\"height: 1.4em\"><span class=\"vc_empty_space_inner\"><\/span><\/div><div class=\"vc_separator wpb_content_element vc_separator_align_center vc_sep_width_60 vc_sep_pos_align_left vc_separator_no_text vc_custom_1690837514723  vc_custom_1690837514723\" ><span class=\"vc_sep_holder vc_sep_holder_l\"><span style=\"border-color:#ededed;\" class=\"vc_sep_line\"><\/span><\/span><span class=\"vc_sep_holder vc_sep_holder_r\"><span style=\"border-color:#ededed;\" class=\"vc_sep_line\"><\/span><\/span>\n<\/div><div class=\"vc_empty_space  hide_on_desktop hide_on_notebook hide_on_tablet\"   style=\"height: 1.4em\"><span class=\"vc_empty_space_inner\"><\/span><\/div><\/div><\/div><\/div><div class=\"wpb_column vc_column_container vc_col-sm-4 sc_layouts_column_icons_position_left\"><div class=\"vc_column-inner\"><div class=\"wpb_wrapper\"><div id=\"sc_title_1378296757\"\n\t\tclass=\"sc_title color_style_default sc_title_default\"><h6 class=\"sc_item_title sc_title_title sc_align_left sc_item_title_style_default sc_item_title_tag\">M\u00edsto poskytuj\u00edc\u00ed vzd\u011bl\u00e1v\u00e1n\u00ed Kory\u010dany, vedouc\u00ed<\/h6><\/div><!-- \/.sc_title --><div class=\"vc_empty_space\"   style=\"height: 0.5em\"><span class=\"vc_empty_space_inner\"><\/span><\/div>\n\t<div class=\"wpb_text_column wpb_content_element\" >\n\t\t<div class=\"wpb_wrapper\">\n\t\t\t<p><strong>Mgr. Monika SELUCK\u00c1<\/strong><br \/>\n<a href=\"mailto:selucka@zuszdounky.cz\">selucka@zuszdounky.cz<\/a><\/p>\n\n\t\t<\/div>\n\t<\/div>\n<div class=\"vc_empty_space\"   style=\"height: 1.4em\"><span class=\"vc_empty_space_inner\"><\/span><\/div><div class=\"vc_separator wpb_content_element vc_separator_align_center vc_sep_width_60 vc_sep_pos_align_left vc_separator_no_text vc_custom_1690837514723  vc_custom_1690837514723\" ><span class=\"vc_sep_holder vc_sep_holder_l\"><span style=\"border-color:#ededed;\" class=\"vc_sep_line\"><\/span><\/span><span class=\"vc_sep_holder vc_sep_holder_r\"><span style=\"border-color:#ededed;\" class=\"vc_sep_line\"><\/span><\/span>\n<\/div><div class=\"vc_empty_space\"   style=\"height: 1.8em\"><span class=\"vc_empty_space_inner\"><\/span><\/div><div id=\"sc_title_1008011667\"\n\t\tclass=\"sc_title color_style_default sc_title_default\"><h6 class=\"sc_item_title sc_title_title sc_align_left sc_item_title_style_default sc_item_title_tag\">Adresa MPV Kory\u010dany<\/h6><\/div><!-- \/.sc_title --><div class=\"vc_empty_space\"   style=\"height: 0.5em\"><span class=\"vc_empty_space_inner\"><\/span><\/div>\n\t<div class=\"wpb_text_column wpb_content_element\" >\n\t\t<div class=\"wpb_wrapper\">\n\t\t\t<p><a href=\"https:\/\/www.google.com\/maps\/place\/Masarykova+454,+768+05+Kory%C4%8Dany\/@49.1074844,17.1623816,17z\/data=!3m1!4b1!4m6!3m5!1s0x47131ef933149b33:0x8fd2235f60dbfff7!8m2!3d49.1074809!4d17.1649565!16s%2Fg%2F11c4pzslrt?entry=ttu\" target=\"_blank\" rel=\"noopener\">Masarykova 454, 768 05 Kory\u010dany<\/a><\/p>\n\n\t\t<\/div>\n\t<\/div>\n<div class=\"vc_separator wpb_content_element vc_separator_align_center vc_sep_width_60 vc_sep_pos_align_left vc_separator_no_text vc_custom_1690837514723  vc_custom_1690837514723\" ><span class=\"vc_sep_holder vc_sep_holder_l\"><span style=\"border-color:#ededed;\" class=\"vc_sep_line\"><\/span><\/span><span class=\"vc_sep_holder vc_sep_holder_r\"><span style=\"border-color:#ededed;\" class=\"vc_sep_line\"><\/span><\/span>\n<\/div><\/div><\/div><\/div><\/div><div class=\"vc_row wpb_row vc_row-fluid\"><div class=\"wpb_column vc_column_container vc_col-sm-12 sc_layouts_column_icons_position_left\"><div class=\"vc_column-inner\"><div class=\"wpb_wrapper\"><div class=\"vc_empty_space\"   style=\"height: 5em\"><span class=\"vc_empty_space_inner\"><\/span><\/div><div class=\"vc_empty_space  hide_on_tablet hide_on_mobile\"   style=\"height: 3em\"><span class=\"vc_empty_space_inner\"><\/span><\/div><div class=\"vc_empty_space  hide_on_mobile\"   style=\"height: 1em\"><span class=\"vc_empty_space_inner\"><\/span><\/div><\/div><\/div><\/div><\/div><div data-vc-full-width=\"true\" data-vc-full-width-init=\"false\" data-vc-stretch-content=\"true\" class=\"vc_row wpb_row vc_row-fluid vc_row-no-padding sc_layouts_hide_on_tablet sc_layouts_hide_on_mobile\"><div class=\"wpb_column vc_column_container vc_col-sm-12 sc_layouts_column_icons_position_left\"><div class=\"vc_column-inner\"><div class=\"wpb_wrapper\"><div class=\"wpb_gmaps_widget wpb_content_element\"><div class=\"wpb_wrapper\"><div class=\"wpb_map_wraper\"><iframe src=\"https:\/\/www.google.com\/maps\/embed?pb=!1m14!1m8!1m3!1d72161.90592252338!2d17.253786753645556!3d49.231110509389296!3m2!1i1024!2i768!4f13.1!3m3!1m2!1s0x4713049465e2492f%3A0x1735c89019a886f6!2sZdounky%2023%2C%20768%2002%20Zdounky!5e0!3m2!1scs!2scz!4v1689116370610!5m2!1scs!2scz\" width=\"600\" height=\"150\" style=\"border:0;\" allowfullscreen=\"\" loading=\"lazy\" referrerpolicy=\"no-referrer-when-downgrade\"><\/iframe><\/div><\/div><\/div><\/div><\/div><\/div><\/div><div class=\"vc_row-full-width vc_clearfix\"><\/div><div data-vc-full-width=\"true\" data-vc-full-width-init=\"false\" data-vc-stretch-content=\"true\" class=\"vc_row wpb_row vc_row-fluid vc_row-no-padding sc_layouts_hide_on_desktop sc_layouts_hide_on_notebook\"><div class=\"wpb_column vc_column_container vc_col-sm-12 sc_layouts_column_icons_position_left\"><div class=\"vc_column-inner\"><div class=\"wpb_wrapper\"><div class=\"wpb_gmaps_widget wpb_content_element\"><div class=\"wpb_wrapper\"><div class=\"wpb_map_wraper\"><iframe src=\"https:\/\/www.google.com\/maps\/embed?pb=!1m14!1m8!1m3!1d72161.90592252338!2d17.253786753645556!3d49.231110509389296!3m2!1i1024!2i768!4f13.1!3m3!1m2!1s0x4713049465e2492f%3A0x1735c89019a886f6!2sZdounky%2023%2C%20768%2002%20Zdounky!5e0!3m2!1scs!2scz!4v1689116370610!5m2!1scs!2scz\" width=\"600\" height=\"300\" style=\"border:0;\" allowfullscreen=\"\" loading=\"lazy\" referrerpolicy=\"no-referrer-when-downgrade\"><\/iframe><\/div><\/div><\/div><\/div><\/div><\/div><\/div><div class=\"vc_row-full-width vc_clearfix\"><\/div>\n<\/section>","protected":false},"excerpt":{"rendered":"KontaktKontaktn\u00ed informaceAdresa Z\u00e1kladn\u00ed um\u011bleck\u00e1 \u0161kola Zdounky, N\u00e1m\u011bst\u00ed 23, 768 02 Zdounky I\u010c: 63414945 Datov\u00e1 schr\u00e1nka: iz7qx4g Telefon, mobil +420 573 365 282 +420 731 656 916 +420 731 656 917&hellip;","protected":false},"author":1,"featured_media":0,"parent":0,"menu_order":0,"comment_status":"closed","ping_status":"closed","template":"","meta":{"footnotes":"","_links_to":"","_links_to_target":""},"class_list":["post-41","page","type-page","status-publish","hentry"],"yoast_head":"<!-- This site is optimized with the Yoast SEO plugin v25.8 - https:\/\/yoast.com\/wordpress\/plugins\/seo\/ -->\n<title>Z\u00e1kladn\u00ed um\u011bleck\u00e1 \u0161kola Zdounky - Kontakt<\/title>\n<meta name=\"description\" content=\"\u0160kola rodinn\u00e9ho typu \u2013 nejmen\u0161\u00ed um\u011bleck\u00e1 \u0161kola na Krom\u011b\u0159\u00ed\u017esku s dv\u011bma obory (hudebn\u00ed a v\u00fdtvarn\u00fd), dv\u011bma m\u00edsty vzd\u011bl\u00e1v\u00e1n\u00ed (Zdounky, Kory\u010dany) a nab\u00eddkou studia hry z tuctu r\u016fzn\u00fdch hudebn\u00edch n\u00e1stroj\u016f. Spole\u010dn\u011b se ZU\u0160lecht\u00edme!\" \/>\n<meta name=\"robots\" content=\"index, follow, max-snippet:-1, max-image-preview:large, max-video-preview:-1\" \/>\n<link rel=\"canonical\" href=\"https:\/\/zuszdounky.cz\/en\/kontakt\/\" \/>\n<meta property=\"og:locale\" content=\"en_GB\" \/>\n<meta property=\"og:type\" content=\"article\" \/>\n<meta property=\"og:title\" content=\"Z\u00e1kladn\u00ed um\u011bleck\u00e1 \u0161kola Zdounky\" \/>\n<meta property=\"og:description\" content=\"\u0160kola rodinn\u00e9ho typu \u2013 nejmen\u0161\u00ed um\u011bleck\u00e1 \u0161kola na Krom\u011b\u0159\u00ed\u017esku s dv\u011bma obory (hudebn\u00ed a v\u00fdtvarn\u00fd), dv\u011bma m\u00edsty vzd\u011bl\u00e1v\u00e1n\u00ed (Zdounky, Kory\u010dany) a nab\u00eddkou studia hry z tuctu r\u016fzn\u00fdch hudebn\u00edch n\u00e1stroj\u016f. Spole\u010dn\u011b se ZU\u0160lecht\u00edme!\" \/>\n<meta property=\"og:url\" content=\"https:\/\/zuszdounky.cz\/en\/kontakt\/\" \/>\n<meta property=\"og:site_name\" content=\"Z\u00e1kladn\u00ed um\u011bleck\u00e1 \u0161kola Zdounky\" \/>\n<meta property=\"article:publisher\" content=\"https:\/\/www.facebook.com\/zuszdounky\" \/>\n<meta property=\"article:modified_time\" content=\"2024-05-02T19:20:13+00:00\" \/>\n<meta property=\"og:image\" content=\"https:\/\/zuszdounky.cz\/wp-content\/uploads\/2023\/08\/budova.jpg\" \/>\n\t<meta property=\"og:image:width\" content=\"1604\" \/>\n\t<meta property=\"og:image:height\" content=\"1070\" \/>\n\t<meta property=\"og:image:type\" content=\"image\/jpeg\" \/>\n<meta name=\"twitter:card\" content=\"summary_large_image\" \/>\n<meta name=\"twitter:label1\" content=\"Estimated reading time\" \/>\n\t<meta name=\"twitter:data1\" content=\"3 minutes\" \/>\n<script type=\"application\/ld+json\" class=\"yoast-schema-graph\">{\"@context\":\"https:\/\/schema.org\",\"@graph\":[{\"@type\":\"WebPage\",\"@id\":\"https:\/\/zuszdounky.cz\/kontakt\/\",\"url\":\"https:\/\/zuszdounky.cz\/kontakt\/\",\"name\":\"Z\u00e1kladn\u00ed um\u011bleck\u00e1 \u0161kola Zdounky - Kontakt\",\"isPartOf\":{\"@id\":\"https:\/\/zuszdounky.cz\/#website\"},\"datePublished\":\"2017-12-05T09:25:50+00:00\",\"dateModified\":\"2024-05-02T19:20:13+00:00\",\"description\":\"\u0160kola rodinn\u00e9ho typu \u2013 nejmen\u0161\u00ed um\u011bleck\u00e1 \u0161kola na Krom\u011b\u0159\u00ed\u017esku s dv\u011bma obory (hudebn\u00ed a v\u00fdtvarn\u00fd), dv\u011bma m\u00edsty vzd\u011bl\u00e1v\u00e1n\u00ed (Zdounky, Kory\u010dany) a nab\u00eddkou studia hry z tuctu r\u016fzn\u00fdch hudebn\u00edch n\u00e1stroj\u016f. Spole\u010dn\u011b se ZU\u0160lecht\u00edme!\",\"breadcrumb\":{\"@id\":\"https:\/\/zuszdounky.cz\/kontakt\/#breadcrumb\"},\"inLanguage\":\"en-GB\",\"potentialAction\":[{\"@type\":\"ReadAction\",\"target\":[\"https:\/\/zuszdounky.cz\/kontakt\/\"]}]},{\"@type\":\"BreadcrumbList\",\"@id\":\"https:\/\/zuszdounky.cz\/kontakt\/#breadcrumb\",\"itemListElement\":[{\"@type\":\"ListItem\",\"position\":1,\"name\":\"Dom\u016f\",\"item\":\"https:\/\/zuszdounky.cz\/\"},{\"@type\":\"ListItem\",\"position\":2,\"name\":\"Kontakt\"}]},{\"@type\":\"WebSite\",\"@id\":\"https:\/\/zuszdounky.cz\/#website\",\"url\":\"https:\/\/zuszdounky.cz\/\",\"name\":\"Z\u00e1kladn\u00ed um\u011bleck\u00e1 \u0161kola Zdounky\",\"description\":\"Spole\u010dn\u011b se ZU\u0160lecht\u00edme!\",\"publisher\":{\"@id\":\"https:\/\/zuszdounky.cz\/#organization\"},\"potentialAction\":[{\"@type\":\"SearchAction\",\"target\":{\"@type\":\"EntryPoint\",\"urlTemplate\":\"https:\/\/zuszdounky.cz\/?s={search_term_string}\"},\"query-input\":{\"@type\":\"PropertyValueSpecification\",\"valueRequired\":true,\"valueName\":\"search_term_string\"}}],\"inLanguage\":\"en-GB\"},{\"@type\":\"Organization\",\"@id\":\"https:\/\/zuszdounky.cz\/#organization\",\"name\":\"Z\u00e1kladn\u00ed um\u011bleck\u00e1 \u0161kola Zdounky\",\"url\":\"https:\/\/zuszdounky.cz\/\",\"logo\":{\"@type\":\"ImageObject\",\"inLanguage\":\"en-GB\",\"@id\":\"https:\/\/zuszdounky.cz\/#\/schema\/logo\/image\/\",\"url\":\"https:\/\/zuszdounky.cz\/wp-content\/uploads\/2023\/07\/cropped-ZUS_ZDOUNKY-e1689246716149.png\",\"contentUrl\":\"https:\/\/zuszdounky.cz\/wp-content\/uploads\/2023\/07\/cropped-ZUS_ZDOUNKY-e1689246716149.png\",\"width\":249,\"height\":227,\"caption\":\"Z\u00e1kladn\u00ed um\u011bleck\u00e1 \u0161kola Zdounky\"},\"image\":{\"@id\":\"https:\/\/zuszdounky.cz\/#\/schema\/logo\/image\/\"},\"sameAs\":[\"https:\/\/www.facebook.com\/zuszdounky\"]}]}<\/script>\n<!-- \/ Yoast SEO plugin. -->","yoast_head_json":{"title":"Z\u00e1kladn\u00ed um\u011bleck\u00e1 \u0161kola Zdounky - Kontakt","description":"\u0160kola rodinn\u00e9ho typu \u2013 nejmen\u0161\u00ed um\u011bleck\u00e1 \u0161kola na Krom\u011b\u0159\u00ed\u017esku s dv\u011bma obory (hudebn\u00ed a v\u00fdtvarn\u00fd), dv\u011bma m\u00edsty vzd\u011bl\u00e1v\u00e1n\u00ed (Zdounky, Kory\u010dany) a nab\u00eddkou studia hry z tuctu r\u016fzn\u00fdch hudebn\u00edch n\u00e1stroj\u016f. Spole\u010dn\u011b se ZU\u0160lecht\u00edme!","robots":{"index":"index","follow":"follow","max-snippet":"max-snippet:-1","max-image-preview":"max-image-preview:large","max-video-preview":"max-video-preview:-1"},"canonical":"https:\/\/zuszdounky.cz\/en\/kontakt\/","og_locale":"en_GB","og_type":"article","og_title":"Z\u00e1kladn\u00ed um\u011bleck\u00e1 \u0161kola Zdounky","og_description":"\u0160kola rodinn\u00e9ho typu \u2013 nejmen\u0161\u00ed um\u011bleck\u00e1 \u0161kola na Krom\u011b\u0159\u00ed\u017esku s dv\u011bma obory (hudebn\u00ed a v\u00fdtvarn\u00fd), dv\u011bma m\u00edsty vzd\u011bl\u00e1v\u00e1n\u00ed (Zdounky, Kory\u010dany) a nab\u00eddkou studia hry z tuctu r\u016fzn\u00fdch hudebn\u00edch n\u00e1stroj\u016f. Spole\u010dn\u011b se ZU\u0160lecht\u00edme!","og_url":"https:\/\/zuszdounky.cz\/en\/kontakt\/","og_site_name":"Z\u00e1kladn\u00ed um\u011bleck\u00e1 \u0161kola Zdounky","article_publisher":"https:\/\/www.facebook.com\/zuszdounky","article_modified_time":"2024-05-02T19:20:13+00:00","og_image":[{"width":1604,"height":1070,"url":"https:\/\/zuszdounky.cz\/wp-content\/uploads\/2023\/08\/budova.jpg","type":"image\/jpeg"}],"twitter_card":"summary_large_image","twitter_misc":{"Estimated reading time":"3 minutes"},"schema":{"@context":"https:\/\/schema.org","@graph":[{"@type":"WebPage","@id":"https:\/\/zuszdounky.cz\/kontakt\/","url":"https:\/\/zuszdounky.cz\/kontakt\/","name":"Z\u00e1kladn\u00ed um\u011bleck\u00e1 \u0161kola Zdounky - Kontakt","isPartOf":{"@id":"https:\/\/zuszdounky.cz\/#website"},"datePublished":"2017-12-05T09:25:50+00:00","dateModified":"2024-05-02T19:20:13+00:00","description":"\u0160kola rodinn\u00e9ho typu \u2013 nejmen\u0161\u00ed um\u011bleck\u00e1 \u0161kola na Krom\u011b\u0159\u00ed\u017esku s dv\u011bma obory (hudebn\u00ed a v\u00fdtvarn\u00fd), dv\u011bma m\u00edsty vzd\u011bl\u00e1v\u00e1n\u00ed (Zdounky, Kory\u010dany) a nab\u00eddkou studia hry z tuctu r\u016fzn\u00fdch hudebn\u00edch n\u00e1stroj\u016f. Spole\u010dn\u011b se ZU\u0160lecht\u00edme!","breadcrumb":{"@id":"https:\/\/zuszdounky.cz\/kontakt\/#breadcrumb"},"inLanguage":"en-GB","potentialAction":[{"@type":"ReadAction","target":["https:\/\/zuszdounky.cz\/kontakt\/"]}]},{"@type":"BreadcrumbList","@id":"https:\/\/zuszdounky.cz\/kontakt\/#breadcrumb","itemListElement":[{"@type":"ListItem","position":1,"name":"Dom\u016f","item":"https:\/\/zuszdounky.cz\/"},{"@type":"ListItem","position":2,"name":"Kontakt"}]},{"@type":"WebSite","@id":"https:\/\/zuszdounky.cz\/#website","url":"https:\/\/zuszdounky.cz\/","name":"Z\u00e1kladn\u00ed um\u011bleck\u00e1 \u0161kola Zdounky","description":"Spole\u010dn\u011b se ZU\u0160lecht\u00edme!","publisher":{"@id":"https:\/\/zuszdounky.cz\/#organization"},"potentialAction":[{"@type":"SearchAction","target":{"@type":"EntryPoint","urlTemplate":"https:\/\/zuszdounky.cz\/?s={search_term_string}"},"query-input":{"@type":"PropertyValueSpecification","valueRequired":true,"valueName":"search_term_string"}}],"inLanguage":"en-GB"},{"@type":"Organization","@id":"https:\/\/zuszdounky.cz\/#organization","name":"Z\u00e1kladn\u00ed um\u011bleck\u00e1 \u0161kola Zdounky","url":"https:\/\/zuszdounky.cz\/","logo":{"@type":"ImageObject","inLanguage":"en-GB","@id":"https:\/\/zuszdounky.cz\/#\/schema\/logo\/image\/","url":"https:\/\/zuszdounky.cz\/wp-content\/uploads\/2023\/07\/cropped-ZUS_ZDOUNKY-e1689246716149.png","contentUrl":"https:\/\/zuszdounky.cz\/wp-content\/uploads\/2023\/07\/cropped-ZUS_ZDOUNKY-e1689246716149.png","width":249,"height":227,"caption":"Z\u00e1kladn\u00ed um\u011bleck\u00e1 \u0161kola Zdounky"},"image":{"@id":"https:\/\/zuszdounky.cz\/#\/schema\/logo\/image\/"},"sameAs":["https:\/\/www.facebook.com\/zuszdounky"]}]}},"_links":{"self":[{"href":"https:\/\/zuszdounky.cz\/en\/wp-json\/wp\/v2\/pages\/41","targetHints":{"allow":["GET"]}}],"collection":[{"href":"https:\/\/zuszdounky.cz\/en\/wp-json\/wp\/v2\/pages"}],"about":[{"href":"https:\/\/zuszdounky.cz\/en\/wp-json\/wp\/v2\/types\/page"}],"author":[{"embeddable":true,"href":"https:\/\/zuszdounky.cz\/en\/wp-json\/wp\/v2\/users\/1"}],"replies":[{"embeddable":true,"href":"https:\/\/zuszdounky.cz\/en\/wp-json\/wp\/v2\/comments?post=41"}],"version-history":[{"count":83,"href":"https:\/\/zuszdounky.cz\/en\/wp-json\/wp\/v2\/pages\/41\/revisions"}],"predecessor-version":[{"id":3054,"href":"https:\/\/zuszdounky.cz\/en\/wp-json\/wp\/v2\/pages\/41\/revisions\/3054"}],"wp:attachment":[{"href":"https:\/\/zuszdounky.cz\/en\/wp-json\/wp\/v2\/media?parent=41"}],"curies":[{"name":"wp","href":"https:\/\/api.w.org\/{rel}","templated":true}]}}